{"id":4449,"date":"2024-02-19T10:26:50","date_gmt":"2024-02-19T09:26:50","guid":{"rendered":"https:\/\/www.bowa-automotive.com\/pobieranie\/"},"modified":"2025-08-07T17:00:26","modified_gmt":"2025-08-07T15:00:26","slug":"pobieranie","status":"publish","type":"page","link":"https:\/\/bowa-automotive.com\/pl\/pobieranie\/","title":{"rendered":"Pobieranie"},"content":{"rendered":"\t\t<div data-elementor-type=\"wp-page\" data-elementor-id=\"4449\" class=\"elementor elementor-4449 elementor-32\" data-elementor-post-type=\"page\">\n\t\t\t\t<div class=\"elementor-element elementor-element-24259e6 e-flex e-con-boxed e-con e-parent\" data-id=\"24259e6\" data-element_type=\"container\" data-e-type=\"container\">\n\t\t\t\t\t<div class=\"e-con-inner\">\n\t\t\t\t<div class=\"elementor-element elementor-element-1c48f03 elementor-widget elementor-widget-heading\" data-id=\"1c48f03\" data-element_type=\"widget\" data-e-type=\"widget\" data-widget_type=\"heading.default\">\n\t\t\t\t<div class=\"elementor-widget-container\">\n\t\t\t\t\t<h2 class=\"elementor-heading-title elementor-size-default\">Pobieranie<\/h2>\t\t\t\t<\/div>\n\t\t\t\t<\/div>\n\t\t<div class=\"elementor-element elementor-element-ec16348 e-con-full e-flex e-con e-child\" data-id=\"ec16348\" data-element_type=\"container\" data-e-type=\"container\">\n\t\t\t\t<div class=\"elementor-element elementor-element-a66b7ef wrap elementor-invisible elementor-widget elementor-widget-text-editor\" data-id=\"a66b7ef\" data-element_type=\"widget\" data-e-type=\"widget\" data-settings=\"{&quot;_animation&quot;:&quot;slideInUp&quot;}\" data-widget_type=\"text-editor.default\">\n\t\t\t\t<div class=\"elementor-widget-container\">\n\t\t\t\t\t\t\t\t\tZarz\u0105dzanie jako\u015bci\u0105\t\t\t\t\t\t\t\t<\/div>\n\t\t\t\t<\/div>\n\t\t\t\t<\/div>\n\t\t<div class=\"elementor-element elementor-element-7c94bed e-con-full e-flex e-con e-child\" data-id=\"7c94bed\" data-element_type=\"container\" data-e-type=\"container\">\n\t\t<div class=\"elementor-element elementor-element-d7daeec e-con-full e-flex e-con e-child\" data-id=\"d7daeec\" data-element_type=\"container\" data-e-type=\"container\">\n\t\t\t\t<div class=\"elementor-element elementor-element-8d80af8 elementor-widget__width-initial elementor-widget elementor-widget-text-editor\" data-id=\"8d80af8\" data-element_type=\"widget\" data-e-type=\"widget\" data-widget_type=\"text-editor.default\">\n\t\t\t\t<div class=\"elementor-widget-container\">\n\t\t\t\t\t\t\t\t\t<p>Zarz\u0105dzanie jako\u015bci\u0105 to konsekwentny, systematyczny proces, kt\u00f3ry odbywa si\u0119 wed\u0142ug jasno zdefiniowanych kryteri\u00f3w. Certyfikowana jako\u015b\u0107 to dla BOWA Automotive nie tylko oczywisto\u015b\u0107, ale tak\u017ce zobowi\u0105zanie wobec naszych klient\u00f3w i partner\u00f3w. <br> <\/p>\t\t\t\t\t\t\t\t<\/div>\n\t\t\t\t<\/div>\n\t\t\t\t<div class=\"elementor-element elementor-element-bf23a30 elementor-widget elementor-widget-heading\" data-id=\"bf23a30\" data-element_type=\"widget\" data-e-type=\"widget\" data-widget_type=\"heading.default\">\n\t\t\t\t<div class=\"elementor-widget-container\">\n\t\t\t\t\t<h2 class=\"elementor-heading-title elementor-size-default\">Certyfikaty <br><\/h2>\t\t\t\t<\/div>\n\t\t\t\t<\/div>\n\t\t\t\t<div class=\"elementor-element elementor-element-ec393f0 elementor-widget__width-initial elementor-widget elementor-widget-text-editor\" data-id=\"ec393f0\" data-element_type=\"widget\" data-e-type=\"widget\" data-widget_type=\"text-editor.default\">\n\t\t\t\t<div class=\"elementor-widget-container\">\n\t\t\t\t\t\t\t\t\t<p>Regularnie przechodzimy wewn\u0119trzne audyty i inspekcje przeprowadzane przez organizacje certyfikuj\u0105ce w celu zapewnienia zgodno\u015bci z krajowymi i mi\u0119dzynarodowymi wytycznymi i standardami. Audyty te odbywaj\u0105 si\u0119 we wszystkich lokalizacjach. Nasze certyfikaty s\u0105 dost\u0119pne do pobrania.  <\/p><ul><li><a href=\"https:\/\/bowa-automotive.com\/wp-content\/uploads\/2025\/08\/BOWA-PL_ISO-14001-2015_ISO-45001-201_EN_until-280528.pdf\">ISO 14001:2015, ISO 45001:2018<\/a><\/li><li><a href=\"https:\/\/bowa-automotive.com\/wp-content\/uploads\/2025\/08\/BOWA-PL_IATF-16949_EN.pdf\">IATF 16949:2016<\/a><\/li><li><a href=\"https:\/\/bowa-automotive.com\/wp-content\/uploads\/2024\/12\/BOWA_CodeOfConduct-V04_signed.pdf\">Kodeks post\u0119powania <br><\/a><\/li><\/ul>\t\t\t\t\t\t\t\t<\/div>\n\t\t\t\t<\/div>\n\t\t\t\t<\/div>\n\t\t\t\t<div class=\"elementor-element elementor-element-edee5a8 content_img elementor-widget__width-inherit elementor-widget-tablet__width-initial elementor-widget elementor-widget-image\" data-id=\"edee5a8\" data-element_type=\"widget\" data-e-type=\"widget\" data-widget_type=\"image.default\">\n\t\t\t\t<div class=\"elementor-widget-container\">\n\t\t\t\t\t\t\t\t\t\t\t\t\t\t\t<img fetchpriority=\"high\" decoding=\"async\" width=\"1475\" height=\"670\" src=\"https:\/\/bowa-automotive.com\/wp-content\/uploads\/2024\/11\/zertifikate_1475x670.png\" class=\"attachment-full size-full wp-image-3598\" alt=\"\" srcset=\"https:\/\/bowa-automotive.com\/wp-content\/uploads\/2024\/11\/zertifikate_1475x670.png 1475w, https:\/\/bowa-automotive.com\/wp-content\/uploads\/2024\/11\/zertifikate_1475x670-300x136.png 300w, https:\/\/bowa-automotive.com\/wp-content\/uploads\/2024\/11\/zertifikate_1475x670-1024x465.png 1024w, https:\/\/bowa-automotive.com\/wp-content\/uploads\/2024\/11\/zertifikate_1475x670-768x349.png 768w\" sizes=\"(max-width: 1475px) 100vw, 1475px\" \/>\t\t\t\t\t\t\t\t\t\t\t\t\t\t\t<\/div>\n\t\t\t\t<\/div>\n\t\t\t\t<\/div>\n\t\t\t\t\t<\/div>\n\t\t\t\t<\/div>\n\t\t\t\t<\/div>\n\t\t","protected":false},"excerpt":{"rendered":"<p>Pobieranie Zarz\u0105dzanie jako\u015bci\u0105 Zarz\u0105dzanie jako\u015bci\u0105 to konsekwentny, systematyczny proces, kt\u00f3ry odbywa si\u0119 wed\u0142ug jasno zdefiniowanych kryteri\u00f3w. Certyfikowana jako\u015b\u0107 to dla BOWA Automotive nie tylko oczywisto\u015b\u0107, ale tak\u017ce zobowi\u0105zanie wobec naszych klient\u00f3w i partner\u00f3w. Certyfikaty Regularnie przechodzimy wewn\u0119trzne audyty i inspekcje przeprowadzane przez organizacje certyfikuj\u0105ce w celu zapewnienia zgodno\u015bci z krajowymi i mi\u0119dzynarodowymi wytycznymi i standardami. [&hellip;]<\/p>\n","protected":false},"author":1,"featured_media":0,"parent":0,"menu_order":2,"comment_status":"closed","ping_status":"closed","template":"","meta":{"inline_featured_image":false,"footnotes":""},"class_list":["post-4449","page","type-page","status-publish","hentry"],"yoast_head":"<!-- This site is optimized with the Yoast SEO plugin v27.4 - https:\/\/yoast.com\/product\/yoast-seo-wordpress\/ -->\n<title>Pobieranie - BOWA - Technologie<\/title>\n<meta name=\"robots\" content=\"index, follow, max-snippet:-1, max-image-preview:large, max-video-preview:-1\" \/>\n<link rel=\"canonical\" href=\"https:\/\/bowa-automotive.com\/pl\/pobieranie\/\" \/>\n<meta property=\"og:locale\" content=\"pl_PL\" \/>\n<meta property=\"og:type\" content=\"article\" \/>\n<meta property=\"og:title\" content=\"Pobieranie - BOWA - Technologie\" \/>\n<meta property=\"og:description\" content=\"Pobieranie Zarz\u0105dzanie jako\u015bci\u0105 Zarz\u0105dzanie jako\u015bci\u0105 to konsekwentny, systematyczny proces, kt\u00f3ry odbywa si\u0119 wed\u0142ug jasno zdefiniowanych kryteri\u00f3w. Certyfikowana jako\u015b\u0107 to dla BOWA Automotive nie tylko oczywisto\u015b\u0107, ale tak\u017ce zobowi\u0105zanie wobec naszych klient\u00f3w i partner\u00f3w. Certyfikaty Regularnie przechodzimy wewn\u0119trzne audyty i inspekcje przeprowadzane przez organizacje certyfikuj\u0105ce w celu zapewnienia zgodno\u015bci z krajowymi i mi\u0119dzynarodowymi wytycznymi i standardami. [&hellip;]\" \/>\n<meta property=\"og:url\" content=\"https:\/\/bowa-automotive.com\/pl\/pobieranie\/\" \/>\n<meta property=\"og:site_name\" content=\"BOWA - Technologie\" \/>\n<meta property=\"article:modified_time\" content=\"2025-08-07T15:00:26+00:00\" \/>\n<meta property=\"og:image\" content=\"https:\/\/bowa-automotive.com\/wp-content\/uploads\/2024\/11\/zertifikate_1475x670.png\" \/>\n\t<meta property=\"og:image:width\" content=\"1475\" \/>\n\t<meta property=\"og:image:height\" content=\"670\" \/>\n\t<meta property=\"og:image:type\" content=\"image\/png\" \/>\n<meta name=\"twitter:card\" content=\"summary_large_image\" \/>\n<script type=\"application\/ld+json\" class=\"yoast-schema-graph\">{\"@context\":\"https:\\\/\\\/schema.org\",\"@graph\":[{\"@type\":\"WebPage\",\"@id\":\"https:\\\/\\\/bowa-automotive.com\\\/pl\\\/pobieranie\\\/\",\"url\":\"https:\\\/\\\/bowa-automotive.com\\\/pl\\\/pobieranie\\\/\",\"name\":\"Pobieranie - BOWA - Technologie\",\"isPartOf\":{\"@id\":\"https:\\\/\\\/bowa-automotive.com\\\/pl\\\/#website\"},\"primaryImageOfPage\":{\"@id\":\"https:\\\/\\\/bowa-automotive.com\\\/pl\\\/pobieranie\\\/#primaryimage\"},\"image\":{\"@id\":\"https:\\\/\\\/bowa-automotive.com\\\/pl\\\/pobieranie\\\/#primaryimage\"},\"thumbnailUrl\":\"https:\\\/\\\/bowa-automotive.com\\\/wp-content\\\/uploads\\\/2024\\\/11\\\/zertifikate_1475x670.png\",\"datePublished\":\"2024-02-19T09:26:50+00:00\",\"dateModified\":\"2025-08-07T15:00:26+00:00\",\"breadcrumb\":{\"@id\":\"https:\\\/\\\/bowa-automotive.com\\\/pl\\\/pobieranie\\\/#breadcrumb\"},\"inLanguage\":\"pl-PL\",\"potentialAction\":[{\"@type\":\"ReadAction\",\"target\":[\"https:\\\/\\\/bowa-automotive.com\\\/pl\\\/pobieranie\\\/\"]}]},{\"@type\":\"ImageObject\",\"inLanguage\":\"pl-PL\",\"@id\":\"https:\\\/\\\/bowa-automotive.com\\\/pl\\\/pobieranie\\\/#primaryimage\",\"url\":\"https:\\\/\\\/bowa-automotive.com\\\/wp-content\\\/uploads\\\/2024\\\/11\\\/zertifikate_1475x670.png\",\"contentUrl\":\"https:\\\/\\\/bowa-automotive.com\\\/wp-content\\\/uploads\\\/2024\\\/11\\\/zertifikate_1475x670.png\"},{\"@type\":\"BreadcrumbList\",\"@id\":\"https:\\\/\\\/bowa-automotive.com\\\/pl\\\/pobieranie\\\/#breadcrumb\",\"itemListElement\":[{\"@type\":\"ListItem\",\"position\":1,\"name\":\"Startseite\",\"item\":\"https:\\\/\\\/bowa-automotive.com\\\/pl\\\/home\\\/\"},{\"@type\":\"ListItem\",\"position\":2,\"name\":\"Pobieranie\"}]},{\"@type\":\"WebSite\",\"@id\":\"https:\\\/\\\/bowa-automotive.com\\\/pl\\\/#website\",\"url\":\"https:\\\/\\\/bowa-automotive.com\\\/pl\\\/\",\"name\":\"BOWA - Technologie\",\"description\":\"\",\"publisher\":{\"@id\":\"https:\\\/\\\/bowa-automotive.com\\\/pl\\\/#organization\"},\"potentialAction\":[{\"@type\":\"SearchAction\",\"target\":{\"@type\":\"EntryPoint\",\"urlTemplate\":\"https:\\\/\\\/bowa-automotive.com\\\/pl\\\/?s={search_term_string}\"},\"query-input\":{\"@type\":\"PropertyValueSpecification\",\"valueRequired\":true,\"valueName\":\"search_term_string\"}}],\"inLanguage\":\"pl-PL\"},{\"@type\":\"Organization\",\"@id\":\"https:\\\/\\\/bowa-automotive.com\\\/pl\\\/#organization\",\"name\":\"BOWA - Technologie\",\"url\":\"https:\\\/\\\/bowa-automotive.com\\\/pl\\\/\",\"logo\":{\"@type\":\"ImageObject\",\"inLanguage\":\"pl-PL\",\"@id\":\"https:\\\/\\\/bowa-automotive.com\\\/pl\\\/#\\\/schema\\\/logo\\\/image\\\/\",\"url\":\"https:\\\/\\\/bowa-automotive.com\\\/wp-content\\\/uploads\\\/2024\\\/02\\\/BOWA_Automotive_Logo-weiss.svg\",\"contentUrl\":\"https:\\\/\\\/bowa-automotive.com\\\/wp-content\\\/uploads\\\/2024\\\/02\\\/BOWA_Automotive_Logo-weiss.svg\",\"caption\":\"BOWA - Technologie\"},\"image\":{\"@id\":\"https:\\\/\\\/bowa-automotive.com\\\/pl\\\/#\\\/schema\\\/logo\\\/image\\\/\"}}]}<\/script>\n<!-- \/ Yoast SEO plugin. -->","yoast_head_json":{"title":"Pobieranie - BOWA - Technologie","robots":{"index":"index","follow":"follow","max-snippet":"max-snippet:-1","max-image-preview":"max-image-preview:large","max-video-preview":"max-video-preview:-1"},"canonical":"https:\/\/bowa-automotive.com\/pl\/pobieranie\/","og_locale":"pl_PL","og_type":"article","og_title":"Pobieranie - BOWA - Technologie","og_description":"Pobieranie Zarz\u0105dzanie jako\u015bci\u0105 Zarz\u0105dzanie jako\u015bci\u0105 to konsekwentny, systematyczny proces, kt\u00f3ry odbywa si\u0119 wed\u0142ug jasno zdefiniowanych kryteri\u00f3w. Certyfikowana jako\u015b\u0107 to dla BOWA Automotive nie tylko oczywisto\u015b\u0107, ale tak\u017ce zobowi\u0105zanie wobec naszych klient\u00f3w i partner\u00f3w. Certyfikaty Regularnie przechodzimy wewn\u0119trzne audyty i inspekcje przeprowadzane przez organizacje certyfikuj\u0105ce w celu zapewnienia zgodno\u015bci z krajowymi i mi\u0119dzynarodowymi wytycznymi i standardami. [&hellip;]","og_url":"https:\/\/bowa-automotive.com\/pl\/pobieranie\/","og_site_name":"BOWA - Technologie","article_modified_time":"2025-08-07T15:00:26+00:00","og_image":[{"width":1475,"height":670,"url":"https:\/\/bowa-automotive.com\/wp-content\/uploads\/2024\/11\/zertifikate_1475x670.png","type":"image\/png"}],"twitter_card":"summary_large_image","schema":{"@context":"https:\/\/schema.org","@graph":[{"@type":"WebPage","@id":"https:\/\/bowa-automotive.com\/pl\/pobieranie\/","url":"https:\/\/bowa-automotive.com\/pl\/pobieranie\/","name":"Pobieranie - BOWA - Technologie","isPartOf":{"@id":"https:\/\/bowa-automotive.com\/pl\/#website"},"primaryImageOfPage":{"@id":"https:\/\/bowa-automotive.com\/pl\/pobieranie\/#primaryimage"},"image":{"@id":"https:\/\/bowa-automotive.com\/pl\/pobieranie\/#primaryimage"},"thumbnailUrl":"https:\/\/bowa-automotive.com\/wp-content\/uploads\/2024\/11\/zertifikate_1475x670.png","datePublished":"2024-02-19T09:26:50+00:00","dateModified":"2025-08-07T15:00:26+00:00","breadcrumb":{"@id":"https:\/\/bowa-automotive.com\/pl\/pobieranie\/#breadcrumb"},"inLanguage":"pl-PL","potentialAction":[{"@type":"ReadAction","target":["https:\/\/bowa-automotive.com\/pl\/pobieranie\/"]}]},{"@type":"ImageObject","inLanguage":"pl-PL","@id":"https:\/\/bowa-automotive.com\/pl\/pobieranie\/#primaryimage","url":"https:\/\/bowa-automotive.com\/wp-content\/uploads\/2024\/11\/zertifikate_1475x670.png","contentUrl":"https:\/\/bowa-automotive.com\/wp-content\/uploads\/2024\/11\/zertifikate_1475x670.png"},{"@type":"BreadcrumbList","@id":"https:\/\/bowa-automotive.com\/pl\/pobieranie\/#breadcrumb","itemListElement":[{"@type":"ListItem","position":1,"name":"Startseite","item":"https:\/\/bowa-automotive.com\/pl\/home\/"},{"@type":"ListItem","position":2,"name":"Pobieranie"}]},{"@type":"WebSite","@id":"https:\/\/bowa-automotive.com\/pl\/#website","url":"https:\/\/bowa-automotive.com\/pl\/","name":"BOWA - Technologie","description":"","publisher":{"@id":"https:\/\/bowa-automotive.com\/pl\/#organization"},"potentialAction":[{"@type":"SearchAction","target":{"@type":"EntryPoint","urlTemplate":"https:\/\/bowa-automotive.com\/pl\/?s={search_term_string}"},"query-input":{"@type":"PropertyValueSpecification","valueRequired":true,"valueName":"search_term_string"}}],"inLanguage":"pl-PL"},{"@type":"Organization","@id":"https:\/\/bowa-automotive.com\/pl\/#organization","name":"BOWA - Technologie","url":"https:\/\/bowa-automotive.com\/pl\/","logo":{"@type":"ImageObject","inLanguage":"pl-PL","@id":"https:\/\/bowa-automotive.com\/pl\/#\/schema\/logo\/image\/","url":"https:\/\/bowa-automotive.com\/wp-content\/uploads\/2024\/02\/BOWA_Automotive_Logo-weiss.svg","contentUrl":"https:\/\/bowa-automotive.com\/wp-content\/uploads\/2024\/02\/BOWA_Automotive_Logo-weiss.svg","caption":"BOWA - Technologie"},"image":{"@id":"https:\/\/bowa-automotive.com\/pl\/#\/schema\/logo\/image\/"}}]}},"_links":{"self":[{"href":"https:\/\/bowa-automotive.com\/pl\/wp-json\/wp\/v2\/pages\/4449","targetHints":{"allow":["GET"]}}],"collection":[{"href":"https:\/\/bowa-automotive.com\/pl\/wp-json\/wp\/v2\/pages"}],"about":[{"href":"https:\/\/bowa-automotive.com\/pl\/wp-json\/wp\/v2\/types\/page"}],"author":[{"embeddable":true,"href":"https:\/\/bowa-automotive.com\/pl\/wp-json\/wp\/v2\/users\/1"}],"replies":[{"embeddable":true,"href":"https:\/\/bowa-automotive.com\/pl\/wp-json\/wp\/v2\/comments?post=4449"}],"version-history":[{"count":2,"href":"https:\/\/bowa-automotive.com\/pl\/wp-json\/wp\/v2\/pages\/4449\/revisions"}],"predecessor-version":[{"id":4837,"href":"https:\/\/bowa-automotive.com\/pl\/wp-json\/wp\/v2\/pages\/4449\/revisions\/4837"}],"wp:attachment":[{"href":"https:\/\/bowa-automotive.com\/pl\/wp-json\/wp\/v2\/media?parent=4449"}],"curies":[{"name":"wp","href":"https:\/\/api.w.org\/{rel}","templated":true}]}}