{"id":4440,"date":"2024-02-19T10:23:44","date_gmt":"2024-02-19T09:23:44","guid":{"rendered":"https:\/\/www.bowa-automotive.com\/produkty\/przewody\/"},"modified":"2025-06-17T15:25:31","modified_gmt":"2025-06-17T13:25:31","slug":"przewody","status":"publish","type":"page","link":"https:\/\/bowa-automotive.com\/pl\/produkty\/przewody\/","title":{"rendered":"Przewody <br>"},"content":{"rendered":"\t\t<div data-elementor-type=\"wp-page\" data-elementor-id=\"4440\" class=\"elementor elementor-4440 elementor-20\" data-elementor-post-type=\"page\">\n\t\t\t\t<div class=\"elementor-element elementor-element-87aac64 e-flex e-con-boxed e-con e-parent\" data-id=\"87aac64\" data-element_type=\"container\" data-e-type=\"container\">\n\t\t\t\t\t<div class=\"e-con-inner\">\n\t\t\t\t<div class=\"elementor-element elementor-element-56e93fb elementor-widget elementor-widget-heading\" data-id=\"56e93fb\" data-element_type=\"widget\" data-e-type=\"widget\" data-widget_type=\"heading.default\">\n\t\t\t\t<div class=\"elementor-widget-container\">\n\t\t\t\t\t<h1 class=\"elementor-heading-title elementor-size-default\">Przewody <br><\/h1>\t\t\t\t<\/div>\n\t\t\t\t<\/div>\n\t\t<div class=\"elementor-element elementor-element-ed54522 animated-slow e-flex e-con-boxed elementor-invisible e-con e-child\" data-id=\"ed54522\" data-element_type=\"container\" data-e-type=\"container\" data-settings=\"{&quot;animation&quot;:&quot;fadeIn&quot;}\">\n\t\t\t\t\t<div class=\"e-con-inner\">\n\t\t\t\t<div class=\"elementor-element elementor-element-4040bbc elementor-invisible elementor-widget elementor-widget-text-editor\" data-id=\"4040bbc\" data-element_type=\"widget\" data-e-type=\"widget\" data-settings=\"{&quot;_animation&quot;:&quot;slideInUp&quot;}\" data-widget_type=\"text-editor.default\">\n\t\t\t\t<div class=\"elementor-widget-container\">\n\t\t\t\t\t\t\t\t\t<p>Elastyczne, wytrzyma\u0142e, indywidualne  <\/p>\n\t\t\t\t\t\t\t\t<\/div>\n\t\t\t\t<\/div>\n\t\t\t\t\t<\/div>\n\t\t\t\t<\/div>\n\t\t\t\t<div class=\"elementor-element elementor-element-6023fc6 elementor-widget__width-initial elementor-widget elementor-widget-text-editor\" data-id=\"6023fc6\" data-element_type=\"widget\" data-e-type=\"widget\" data-widget_type=\"text-editor.default\">\n\t\t\t\t<div class=\"elementor-widget-container\">\n\t\t\t\t\t\t\t\t\t<p>Przewody w formie okablowania osi do czujnik\u00f3w zu\u017cycia klock\u00f3w hamulcowych s\u0105 wa\u017cn\u0105 cz\u0119\u015bci\u0105 pojazdu, kt\u00f3ra odpowiada za po\u0142\u0105czenie elektryczne mi\u0119dzy r\u00f3\u017cnymi elementami w obszarze zawieszenia ko\u0142a a wn\u0119k\u0105 ko\u0142a.<\/p>\n<p>Okablowanie osi we wn\u0119ce ko\u0142a musi wytrzyma\u0107 zar\u00f3wno napr\u0119\u017cenia mechaniczne spowodowane wibracjami i ruchami uk\u0142adu kierowniczego, jak i ekstremalne wp\u0142ywy \u015brodowiska, takie jak zimno, ciep\u0142o, wilgo\u0107, brud czy uderzenia kamieni. Dopasowanie do wskazanych interfejs\u00f3w i precyzyjne u\u0142o\u017cenie maj\u0105 kluczowe znaczenie dla zapewnienia funkcjonalno\u015bci oraz bezpiecze\u0144stwa. <\/p>\n\t\t\t\t\t\t\t\t<\/div>\n\t\t\t\t<\/div>\n\t\t\t\t\t<\/div>\n\t\t\t\t<\/div>\n\t\t<div class=\"elementor-element elementor-element-669a3b6c e-flex e-con-boxed e-con e-parent\" data-id=\"669a3b6c\" data-element_type=\"container\" data-e-type=\"container\" data-settings=\"{&quot;background_background&quot;:&quot;classic&quot;}\">\n\t\t\t\t\t<div class=\"e-con-inner\">\n\t\t\t\t<div class=\"elementor-element elementor-element-52af3cc9 product_img elementor-widget__width-initial elementor-widget elementor-widget-image\" data-id=\"52af3cc9\" data-element_type=\"widget\" data-e-type=\"widget\" data-widget_type=\"image.default\">\n\t\t\t\t<div class=\"elementor-widget-container\">\n\t\t\t\t\t\t\t\t\t\t\t\t\t\t\t<img fetchpriority=\"high\" decoding=\"async\" width=\"1475\" height=\"670\" src=\"https:\/\/bowa-automotive.com\/wp-content\/uploads\/2024\/11\/A279003isoStudio_1475x670.png\" class=\"attachment-full size-full wp-image-3151\" alt=\"\" srcset=\"https:\/\/bowa-automotive.com\/wp-content\/uploads\/2024\/11\/A279003isoStudio_1475x670.png 1475w, https:\/\/bowa-automotive.com\/wp-content\/uploads\/2024\/11\/A279003isoStudio_1475x670-300x136.png 300w, https:\/\/bowa-automotive.com\/wp-content\/uploads\/2024\/11\/A279003isoStudio_1475x670-1024x465.png 1024w, https:\/\/bowa-automotive.com\/wp-content\/uploads\/2024\/11\/A279003isoStudio_1475x670-768x349.png 768w\" sizes=\"(max-width: 1475px) 100vw, 1475px\" \/>\t\t\t\t\t\t\t\t\t\t\t\t\t\t\t<\/div>\n\t\t\t\t<\/div>\n\t\t<div class=\"elementor-element elementor-element-54c179a4 e-con-full e-flex e-con e-child\" data-id=\"54c179a4\" data-element_type=\"container\" data-e-type=\"container\">\n\t\t\t\t<div class=\"elementor-element elementor-element-6bc17da elementor-widget elementor-widget-heading\" data-id=\"6bc17da\" data-element_type=\"widget\" data-e-type=\"widget\" data-widget_type=\"heading.default\">\n\t\t\t\t<div class=\"elementor-widget-container\">\n\t\t\t\t\t<h3 class=\"elementor-heading-title elementor-size-default\">Okablowanie osi (samoch\u00f3d ci\u0119\u017carowy)<\/h3>\t\t\t\t<\/div>\n\t\t\t\t<\/div>\n\t\t\t\t<div class=\"elementor-element elementor-element-23018f13 elementor-widget elementor-widget-text-editor\" data-id=\"23018f13\" data-element_type=\"widget\" data-e-type=\"widget\" data-widget_type=\"text-editor.default\">\n\t\t\t\t<div class=\"elementor-widget-container\">\n\t\t\t\t\t\t\t\t\t<ul>\n<li>Przew\u00f3d czujnika zu\u017cycia klock\u00f3w hamulcowych<\/li>\n<li>Formowane z\u0142\u0105cza wtykowe w wykonaniu wodoszczelnym pod indywidualne zam\u00f3wienie klienta<\/li>\n<li>Spe\u0142nia najwy\u017csze wymagania \u015brodowiskowe<\/li>\n<\/ul>\n\t\t\t\t\t\t\t\t<\/div>\n\t\t\t\t<\/div>\n\t\t\t\t<\/div>\n\t\t\t\t\t<\/div>\n\t\t\t\t<\/div>\n\t\t\t\t<\/div>\n\t\t","protected":false},"excerpt":{"rendered":"<p>Przewody Elastyczne, wytrzyma\u0142e, indywidualne Przewody w formie okablowania osi do czujnik\u00f3w zu\u017cycia klock\u00f3w hamulcowych s\u0105 wa\u017cn\u0105 cz\u0119\u015bci\u0105 pojazdu, kt\u00f3ra odpowiada za po\u0142\u0105czenie elektryczne mi\u0119dzy r\u00f3\u017cnymi elementami w obszarze zawieszenia ko\u0142a a wn\u0119k\u0105 ko\u0142a. Okablowanie osi we wn\u0119ce ko\u0142a musi wytrzyma\u0107 zar\u00f3wno napr\u0119\u017cenia mechaniczne spowodowane wibracjami i ruchami uk\u0142adu kierowniczego, jak i ekstremalne wp\u0142ywy \u015brodowiska, takie [&hellip;]<\/p>\n","protected":false},"author":1,"featured_media":0,"parent":4434,"menu_order":1,"comment_status":"closed","ping_status":"closed","template":"","meta":{"inline_featured_image":false,"footnotes":""},"class_list":["post-4440","page","type-page","status-publish","hentry"],"yoast_head":"<!-- This site is optimized with the Yoast SEO plugin v27.4 - https:\/\/yoast.com\/product\/yoast-seo-wordpress\/ -->\n<title>Przewody  - BOWA - Technologie<\/title>\n<meta name=\"robots\" content=\"index, follow, max-snippet:-1, max-image-preview:large, max-video-preview:-1\" \/>\n<link rel=\"canonical\" href=\"https:\/\/bowa-automotive.com\/pl\/produkty\/przewody\/\" \/>\n<meta property=\"og:locale\" content=\"pl_PL\" \/>\n<meta property=\"og:type\" content=\"article\" \/>\n<meta property=\"og:title\" content=\"Przewody  - BOWA - Technologie\" \/>\n<meta property=\"og:description\" content=\"Przewody Elastyczne, wytrzyma\u0142e, indywidualne Przewody w formie okablowania osi do czujnik\u00f3w zu\u017cycia klock\u00f3w hamulcowych s\u0105 wa\u017cn\u0105 cz\u0119\u015bci\u0105 pojazdu, kt\u00f3ra odpowiada za po\u0142\u0105czenie elektryczne mi\u0119dzy r\u00f3\u017cnymi elementami w obszarze zawieszenia ko\u0142a a wn\u0119k\u0105 ko\u0142a. Okablowanie osi we wn\u0119ce ko\u0142a musi wytrzyma\u0107 zar\u00f3wno napr\u0119\u017cenia mechaniczne spowodowane wibracjami i ruchami uk\u0142adu kierowniczego, jak i ekstremalne wp\u0142ywy \u015brodowiska, takie [&hellip;]\" \/>\n<meta property=\"og:url\" content=\"https:\/\/bowa-automotive.com\/pl\/produkty\/przewody\/\" \/>\n<meta property=\"og:site_name\" content=\"BOWA - Technologie\" \/>\n<meta property=\"article:modified_time\" content=\"2025-06-17T13:25:31+00:00\" \/>\n<meta property=\"og:image\" content=\"https:\/\/bowa-automotive.com\/wp-content\/uploads\/2024\/11\/A279003isoStudio_1475x670.png\" \/>\n\t<meta property=\"og:image:width\" content=\"1475\" \/>\n\t<meta property=\"og:image:height\" content=\"670\" \/>\n\t<meta property=\"og:image:type\" content=\"image\/png\" \/>\n<meta name=\"twitter:card\" content=\"summary_large_image\" \/>\n<meta name=\"twitter:label1\" content=\"Szacowany czas czytania\" \/>\n\t<meta name=\"twitter:data1\" content=\"1 minuta\" \/>\n<script type=\"application\/ld+json\" class=\"yoast-schema-graph\">{\"@context\":\"https:\\\/\\\/schema.org\",\"@graph\":[{\"@type\":\"WebPage\",\"@id\":\"https:\\\/\\\/bowa-automotive.com\\\/pl\\\/produkty\\\/przewody\\\/\",\"url\":\"https:\\\/\\\/bowa-automotive.com\\\/pl\\\/produkty\\\/przewody\\\/\",\"name\":\"Przewody - BOWA - Technologie\",\"isPartOf\":{\"@id\":\"https:\\\/\\\/bowa-automotive.com\\\/pl\\\/#website\"},\"primaryImageOfPage\":{\"@id\":\"https:\\\/\\\/bowa-automotive.com\\\/pl\\\/produkty\\\/przewody\\\/#primaryimage\"},\"image\":{\"@id\":\"https:\\\/\\\/bowa-automotive.com\\\/pl\\\/produkty\\\/przewody\\\/#primaryimage\"},\"thumbnailUrl\":\"https:\\\/\\\/bowa-automotive.com\\\/wp-content\\\/uploads\\\/2024\\\/11\\\/A279003isoStudio_1475x670.png\",\"datePublished\":\"2024-02-19T09:23:44+00:00\",\"dateModified\":\"2025-06-17T13:25:31+00:00\",\"breadcrumb\":{\"@id\":\"https:\\\/\\\/bowa-automotive.com\\\/pl\\\/produkty\\\/przewody\\\/#breadcrumb\"},\"inLanguage\":\"pl-PL\",\"potentialAction\":[{\"@type\":\"ReadAction\",\"target\":[\"https:\\\/\\\/bowa-automotive.com\\\/pl\\\/produkty\\\/przewody\\\/\"]}]},{\"@type\":\"ImageObject\",\"inLanguage\":\"pl-PL\",\"@id\":\"https:\\\/\\\/bowa-automotive.com\\\/pl\\\/produkty\\\/przewody\\\/#primaryimage\",\"url\":\"https:\\\/\\\/bowa-automotive.com\\\/wp-content\\\/uploads\\\/2024\\\/11\\\/A279003isoStudio_1475x670.png\",\"contentUrl\":\"https:\\\/\\\/bowa-automotive.com\\\/wp-content\\\/uploads\\\/2024\\\/11\\\/A279003isoStudio_1475x670.png\"},{\"@type\":\"BreadcrumbList\",\"@id\":\"https:\\\/\\\/bowa-automotive.com\\\/pl\\\/produkty\\\/przewody\\\/#breadcrumb\",\"itemListElement\":[{\"@type\":\"ListItem\",\"position\":1,\"name\":\"Startseite\",\"item\":\"https:\\\/\\\/bowa-automotive.com\\\/pl\\\/home\\\/\"},{\"@type\":\"ListItem\",\"position\":2,\"name\":\"Produkty\",\"item\":\"https:\\\/\\\/bowa-automotive.com\\\/pl\\\/produkty\\\/\"},{\"@type\":\"ListItem\",\"position\":3,\"name\":\"Przewody\"}]},{\"@type\":\"WebSite\",\"@id\":\"https:\\\/\\\/bowa-automotive.com\\\/pl\\\/#website\",\"url\":\"https:\\\/\\\/bowa-automotive.com\\\/pl\\\/\",\"name\":\"BOWA - Technologie\",\"description\":\"\",\"publisher\":{\"@id\":\"https:\\\/\\\/bowa-automotive.com\\\/pl\\\/#organization\"},\"potentialAction\":[{\"@type\":\"SearchAction\",\"target\":{\"@type\":\"EntryPoint\",\"urlTemplate\":\"https:\\\/\\\/bowa-automotive.com\\\/pl\\\/?s={search_term_string}\"},\"query-input\":{\"@type\":\"PropertyValueSpecification\",\"valueRequired\":true,\"valueName\":\"search_term_string\"}}],\"inLanguage\":\"pl-PL\"},{\"@type\":\"Organization\",\"@id\":\"https:\\\/\\\/bowa-automotive.com\\\/pl\\\/#organization\",\"name\":\"BOWA - Technologie\",\"url\":\"https:\\\/\\\/bowa-automotive.com\\\/pl\\\/\",\"logo\":{\"@type\":\"ImageObject\",\"inLanguage\":\"pl-PL\",\"@id\":\"https:\\\/\\\/bowa-automotive.com\\\/pl\\\/#\\\/schema\\\/logo\\\/image\\\/\",\"url\":\"https:\\\/\\\/bowa-automotive.com\\\/wp-content\\\/uploads\\\/2024\\\/02\\\/BOWA_Automotive_Logo-weiss.svg\",\"contentUrl\":\"https:\\\/\\\/bowa-automotive.com\\\/wp-content\\\/uploads\\\/2024\\\/02\\\/BOWA_Automotive_Logo-weiss.svg\",\"caption\":\"BOWA - Technologie\"},\"image\":{\"@id\":\"https:\\\/\\\/bowa-automotive.com\\\/pl\\\/#\\\/schema\\\/logo\\\/image\\\/\"}}]}<\/script>\n<!-- \/ Yoast SEO plugin. -->","yoast_head_json":{"title":"Przewody  - BOWA - Technologie","robots":{"index":"index","follow":"follow","max-snippet":"max-snippet:-1","max-image-preview":"max-image-preview:large","max-video-preview":"max-video-preview:-1"},"canonical":"https:\/\/bowa-automotive.com\/pl\/produkty\/przewody\/","og_locale":"pl_PL","og_type":"article","og_title":"Przewody  - BOWA - Technologie","og_description":"Przewody Elastyczne, wytrzyma\u0142e, indywidualne Przewody w formie okablowania osi do czujnik\u00f3w zu\u017cycia klock\u00f3w hamulcowych s\u0105 wa\u017cn\u0105 cz\u0119\u015bci\u0105 pojazdu, kt\u00f3ra odpowiada za po\u0142\u0105czenie elektryczne mi\u0119dzy r\u00f3\u017cnymi elementami w obszarze zawieszenia ko\u0142a a wn\u0119k\u0105 ko\u0142a. Okablowanie osi we wn\u0119ce ko\u0142a musi wytrzyma\u0107 zar\u00f3wno napr\u0119\u017cenia mechaniczne spowodowane wibracjami i ruchami uk\u0142adu kierowniczego, jak i ekstremalne wp\u0142ywy \u015brodowiska, takie [&hellip;]","og_url":"https:\/\/bowa-automotive.com\/pl\/produkty\/przewody\/","og_site_name":"BOWA - Technologie","article_modified_time":"2025-06-17T13:25:31+00:00","og_image":[{"width":1475,"height":670,"url":"https:\/\/bowa-automotive.com\/wp-content\/uploads\/2024\/11\/A279003isoStudio_1475x670.png","type":"image\/png"}],"twitter_card":"summary_large_image","twitter_misc":{"Szacowany czas czytania":"1 minuta"},"schema":{"@context":"https:\/\/schema.org","@graph":[{"@type":"WebPage","@id":"https:\/\/bowa-automotive.com\/pl\/produkty\/przewody\/","url":"https:\/\/bowa-automotive.com\/pl\/produkty\/przewody\/","name":"Przewody - BOWA - Technologie","isPartOf":{"@id":"https:\/\/bowa-automotive.com\/pl\/#website"},"primaryImageOfPage":{"@id":"https:\/\/bowa-automotive.com\/pl\/produkty\/przewody\/#primaryimage"},"image":{"@id":"https:\/\/bowa-automotive.com\/pl\/produkty\/przewody\/#primaryimage"},"thumbnailUrl":"https:\/\/bowa-automotive.com\/wp-content\/uploads\/2024\/11\/A279003isoStudio_1475x670.png","datePublished":"2024-02-19T09:23:44+00:00","dateModified":"2025-06-17T13:25:31+00:00","breadcrumb":{"@id":"https:\/\/bowa-automotive.com\/pl\/produkty\/przewody\/#breadcrumb"},"inLanguage":"pl-PL","potentialAction":[{"@type":"ReadAction","target":["https:\/\/bowa-automotive.com\/pl\/produkty\/przewody\/"]}]},{"@type":"ImageObject","inLanguage":"pl-PL","@id":"https:\/\/bowa-automotive.com\/pl\/produkty\/przewody\/#primaryimage","url":"https:\/\/bowa-automotive.com\/wp-content\/uploads\/2024\/11\/A279003isoStudio_1475x670.png","contentUrl":"https:\/\/bowa-automotive.com\/wp-content\/uploads\/2024\/11\/A279003isoStudio_1475x670.png"},{"@type":"BreadcrumbList","@id":"https:\/\/bowa-automotive.com\/pl\/produkty\/przewody\/#breadcrumb","itemListElement":[{"@type":"ListItem","position":1,"name":"Startseite","item":"https:\/\/bowa-automotive.com\/pl\/home\/"},{"@type":"ListItem","position":2,"name":"Produkty","item":"https:\/\/bowa-automotive.com\/pl\/produkty\/"},{"@type":"ListItem","position":3,"name":"Przewody"}]},{"@type":"WebSite","@id":"https:\/\/bowa-automotive.com\/pl\/#website","url":"https:\/\/bowa-automotive.com\/pl\/","name":"BOWA - Technologie","description":"","publisher":{"@id":"https:\/\/bowa-automotive.com\/pl\/#organization"},"potentialAction":[{"@type":"SearchAction","target":{"@type":"EntryPoint","urlTemplate":"https:\/\/bowa-automotive.com\/pl\/?s={search_term_string}"},"query-input":{"@type":"PropertyValueSpecification","valueRequired":true,"valueName":"search_term_string"}}],"inLanguage":"pl-PL"},{"@type":"Organization","@id":"https:\/\/bowa-automotive.com\/pl\/#organization","name":"BOWA - Technologie","url":"https:\/\/bowa-automotive.com\/pl\/","logo":{"@type":"ImageObject","inLanguage":"pl-PL","@id":"https:\/\/bowa-automotive.com\/pl\/#\/schema\/logo\/image\/","url":"https:\/\/bowa-automotive.com\/wp-content\/uploads\/2024\/02\/BOWA_Automotive_Logo-weiss.svg","contentUrl":"https:\/\/bowa-automotive.com\/wp-content\/uploads\/2024\/02\/BOWA_Automotive_Logo-weiss.svg","caption":"BOWA - Technologie"},"image":{"@id":"https:\/\/bowa-automotive.com\/pl\/#\/schema\/logo\/image\/"}}]}},"_links":{"self":[{"href":"https:\/\/bowa-automotive.com\/pl\/wp-json\/wp\/v2\/pages\/4440","targetHints":{"allow":["GET"]}}],"collection":[{"href":"https:\/\/bowa-automotive.com\/pl\/wp-json\/wp\/v2\/pages"}],"about":[{"href":"https:\/\/bowa-automotive.com\/pl\/wp-json\/wp\/v2\/types\/page"}],"author":[{"embeddable":true,"href":"https:\/\/bowa-automotive.com\/pl\/wp-json\/wp\/v2\/users\/1"}],"replies":[{"embeddable":true,"href":"https:\/\/bowa-automotive.com\/pl\/wp-json\/wp\/v2\/comments?post=4440"}],"version-history":[{"count":1,"href":"https:\/\/bowa-automotive.com\/pl\/wp-json\/wp\/v2\/pages\/4440\/revisions"}],"predecessor-version":[{"id":4441,"href":"https:\/\/bowa-automotive.com\/pl\/wp-json\/wp\/v2\/pages\/4440\/revisions\/4441"}],"up":[{"embeddable":true,"href":"https:\/\/bowa-automotive.com\/pl\/wp-json\/wp\/v2\/pages\/4434"}],"wp:attachment":[{"href":"https:\/\/bowa-automotive.com\/pl\/wp-json\/wp\/v2\/media?parent=4440"}],"curies":[{"name":"wp","href":"https:\/\/api.w.org\/{rel}","templated":true}]}}