{"id":4436,"date":"2024-02-19T10:23:44","date_gmt":"2024-02-19T09:23:44","guid":{"rendered":"https:\/\/www.bowa-automotive.com\/produkty\/rozwiazania-specjalne\/"},"modified":"2025-06-17T15:25:55","modified_gmt":"2025-06-17T13:25:55","slug":"rozwiazania-specjalne","status":"publish","type":"page","link":"https:\/\/bowa-automotive.com\/pl\/produkty\/rozwiazania-specjalne\/","title":{"rendered":"Rozwi\u0105zania specjalne <br>"},"content":{"rendered":"\t\t<div data-elementor-type=\"wp-page\" data-elementor-id=\"4436\" class=\"elementor elementor-4436 elementor-23\" data-elementor-post-type=\"page\">\n\t\t\t\t<div class=\"elementor-element elementor-element-0a29c6d e-flex e-con-boxed e-con e-parent\" data-id=\"0a29c6d\" data-element_type=\"container\" data-e-type=\"container\">\n\t\t\t\t\t<div class=\"e-con-inner\">\n\t\t\t\t<div class=\"elementor-element elementor-element-e489d3a elementor-widget elementor-widget-heading\" data-id=\"e489d3a\" data-element_type=\"widget\" data-e-type=\"widget\" data-widget_type=\"heading.default\">\n\t\t\t\t<div class=\"elementor-widget-container\">\n\t\t\t\t\t<h1 class=\"elementor-heading-title elementor-size-default\">Rozwi\u0105zania specjalne <br><\/h1>\t\t\t\t<\/div>\n\t\t\t\t<\/div>\n\t\t<div class=\"elementor-element elementor-element-48b255d animated-slow e-flex e-con-boxed elementor-invisible e-con e-child\" data-id=\"48b255d\" data-element_type=\"container\" data-e-type=\"container\" data-settings=\"{&quot;animation&quot;:&quot;fadeIn&quot;}\">\n\t\t\t\t\t<div class=\"e-con-inner\">\n\t\t\t\t<div class=\"elementor-element elementor-element-08fe909 elementor-invisible elementor-widget elementor-widget-text-editor\" data-id=\"08fe909\" data-element_type=\"widget\" data-e-type=\"widget\" data-settings=\"{&quot;_animation&quot;:&quot;slideInUp&quot;}\" data-widget_type=\"text-editor.default\">\n\t\t\t\t<div class=\"elementor-widget-container\">\n\t\t\t\t\t\t\t\t\t<p>Wytrzyma\u0142e, wszechstronne, wyj\u0105tkowe <\/p>\n\t\t\t\t\t\t\t\t<\/div>\n\t\t\t\t<\/div>\n\t\t\t\t\t<\/div>\n\t\t\t\t<\/div>\n\t\t\t\t<div class=\"elementor-element elementor-element-0dcaf8c elementor-widget__width-initial elementor-widget elementor-widget-text-editor\" data-id=\"0dcaf8c\" data-element_type=\"widget\" data-e-type=\"widget\" data-widget_type=\"text-editor.default\">\n\t\t\t\t<div class=\"elementor-widget-container\">\n\t\t\t\t\t\t\t\t\t<p>Elementy elektryczne oraz obwody s\u0105 umieszczane w obudowie lub os\u0142onie metod\u0105 formowania wtryskowego. Taka os\u0142ona skutecznie chroni elektronik\u0119 przed czynnikami zewn\u0119trznymi, takimi jak wilgo\u0107, py\u0142, wibracje, czy napr\u0119\u017cenia mechaniczne, gwarantuj\u0105c wymagan\u0105 niezawodno\u015b\u0107 i trwa\u0142o\u015b\u0107 podzespo\u0142\u00f3w elektronicznych.   <\/p>\n\t\t\t\t\t\t\t\t<\/div>\n\t\t\t\t<\/div>\n\t\t\t\t\t<\/div>\n\t\t\t\t<\/div>\n\t\t<div class=\"elementor-element elementor-element-2c0872a4 hiag_sticky e-flex e-con-boxed e-con e-parent\" data-id=\"2c0872a4\" data-element_type=\"container\" data-e-type=\"container\" data-settings=\"{&quot;background_background&quot;:&quot;classic&quot;}\">\n\t\t\t\t\t<div class=\"e-con-inner\">\n\t\t<div class=\"elementor-element elementor-element-3557b526 e-con-full e-flex e-con e-child\" data-id=\"3557b526\" data-element_type=\"container\" data-e-type=\"container\">\n\t\t\t\t<div class=\"elementor-element elementor-element-6f8fe20f elementor-widget elementor-widget-heading\" data-id=\"6f8fe20f\" data-element_type=\"widget\" data-e-type=\"widget\" data-widget_type=\"heading.default\">\n\t\t\t\t<div class=\"elementor-widget-container\">\n\t\t\t\t\t<h3 class=\"elementor-heading-title elementor-size-default\">Wtyczki ochronne <br><\/h3>\t\t\t\t<\/div>\n\t\t\t\t<\/div>\n\t\t\t\t<div class=\"elementor-element elementor-element-482225d1 elementor-widget elementor-widget-text-editor\" data-id=\"482225d1\" data-element_type=\"widget\" data-e-type=\"widget\" data-widget_type=\"text-editor.default\">\n\t\t\t\t<div class=\"elementor-widget-container\">\n\t\t\t\t\t\t\t\t\t<ul>\n<li>Rozwi\u0105zanie modu\u0142owe <\/li>\n<li>Wszechstronna instalacja <\/li>\n<li>Uchwyt montowany do wspornika ko\u0142a <\/li>\n<li>Os\u0142ona elektroniki <\/li>\n<li>Trwa\u0142o\u015b\u0107 na lata <\/li>\n<li>Spe\u0142nia najwy\u017csze wymagania w zakresie odporno\u015bci na wibracje i temperatur\u0119 <\/li>\n<\/ul>\n\t\t\t\t\t\t\t\t<\/div>\n\t\t\t\t<\/div>\n\t\t\t\t<\/div>\n\t\t\t\t<div class=\"elementor-element elementor-element-788acd23 product_img elementor-widget__width-initial elementor-widget elementor-widget-image\" data-id=\"788acd23\" data-element_type=\"widget\" data-e-type=\"widget\" data-widget_type=\"image.default\">\n\t\t\t\t<div class=\"elementor-widget-container\">\n\t\t\t\t\t\t\t\t\t\t\t\t\t\t\t<img fetchpriority=\"high\" decoding=\"async\" width=\"1475\" height=\"670\" src=\"https:\/\/bowa-automotive.com\/wp-content\/uploads\/2024\/10\/A001008isoStudio_1475x670.png\" class=\"attachment-full size-full wp-image-2905\" alt=\"Sonderl\u00f6sungen\" srcset=\"https:\/\/bowa-automotive.com\/wp-content\/uploads\/2024\/10\/A001008isoStudio_1475x670.png 1475w, https:\/\/bowa-automotive.com\/wp-content\/uploads\/2024\/10\/A001008isoStudio_1475x670-300x136.png 300w, https:\/\/bowa-automotive.com\/wp-content\/uploads\/2024\/10\/A001008isoStudio_1475x670-1024x465.png 1024w, https:\/\/bowa-automotive.com\/wp-content\/uploads\/2024\/10\/A001008isoStudio_1475x670-768x349.png 768w\" sizes=\"(max-width: 1475px) 100vw, 1475px\" \/>\t\t\t\t\t\t\t\t\t\t\t\t\t\t\t<\/div>\n\t\t\t\t<\/div>\n\t\t\t\t\t<\/div>\n\t\t\t\t<\/div>\n\t\t\t\t<\/div>\n\t\t","protected":false},"excerpt":{"rendered":"<p>Rozwi\u0105zania specjalne Wytrzyma\u0142e, wszechstronne, wyj\u0105tkowe Elementy elektryczne oraz obwody s\u0105 umieszczane w obudowie lub os\u0142onie metod\u0105 formowania wtryskowego. Taka os\u0142ona skutecznie chroni elektronik\u0119 przed czynnikami zewn\u0119trznymi, takimi jak wilgo\u0107, py\u0142, wibracje, czy napr\u0119\u017cenia mechaniczne, gwarantuj\u0105c wymagan\u0105 niezawodno\u015b\u0107 i trwa\u0142o\u015b\u0107 podzespo\u0142\u00f3w elektronicznych. Wtyczki ochronne Rozwi\u0105zanie modu\u0142owe Wszechstronna instalacja Uchwyt montowany do wspornika ko\u0142a Os\u0142ona elektroniki Trwa\u0142o\u015b\u0107 [&hellip;]<\/p>\n","protected":false},"author":1,"featured_media":0,"parent":4434,"menu_order":2,"comment_status":"closed","ping_status":"closed","template":"","meta":{"inline_featured_image":false,"footnotes":""},"class_list":["post-4436","page","type-page","status-publish","hentry"],"yoast_head":"<!-- This site is optimized with the Yoast SEO plugin v27.3 - https:\/\/yoast.com\/product\/yoast-seo-wordpress\/ -->\n<title>Rozwi\u0105zania specjalne  - BOWA - Technologie<\/title>\n<meta name=\"robots\" content=\"index, follow, max-snippet:-1, max-image-preview:large, max-video-preview:-1\" \/>\n<link rel=\"canonical\" href=\"https:\/\/bowa-automotive.com\/pl\/produkty\/rozwiazania-specjalne\/\" \/>\n<meta property=\"og:locale\" content=\"pl_PL\" \/>\n<meta property=\"og:type\" content=\"article\" \/>\n<meta property=\"og:title\" content=\"Rozwi\u0105zania specjalne  - BOWA - Technologie\" \/>\n<meta property=\"og:description\" content=\"Rozwi\u0105zania specjalne Wytrzyma\u0142e, wszechstronne, wyj\u0105tkowe Elementy elektryczne oraz obwody s\u0105 umieszczane w obudowie lub os\u0142onie metod\u0105 formowania wtryskowego. Taka os\u0142ona skutecznie chroni elektronik\u0119 przed czynnikami zewn\u0119trznymi, takimi jak wilgo\u0107, py\u0142, wibracje, czy napr\u0119\u017cenia mechaniczne, gwarantuj\u0105c wymagan\u0105 niezawodno\u015b\u0107 i trwa\u0142o\u015b\u0107 podzespo\u0142\u00f3w elektronicznych. Wtyczki ochronne Rozwi\u0105zanie modu\u0142owe Wszechstronna instalacja Uchwyt montowany do wspornika ko\u0142a Os\u0142ona elektroniki Trwa\u0142o\u015b\u0107 [&hellip;]\" \/>\n<meta property=\"og:url\" content=\"https:\/\/bowa-automotive.com\/pl\/produkty\/rozwiazania-specjalne\/\" \/>\n<meta property=\"og:site_name\" content=\"BOWA - Technologie\" \/>\n<meta property=\"article:modified_time\" content=\"2025-06-17T13:25:55+00:00\" \/>\n<meta property=\"og:image\" content=\"https:\/\/bowa-automotive.com\/wp-content\/uploads\/2024\/10\/A001008isoStudio_1475x670.png\" \/>\n\t<meta property=\"og:image:width\" content=\"1475\" \/>\n\t<meta property=\"og:image:height\" content=\"670\" \/>\n\t<meta property=\"og:image:type\" content=\"image\/png\" \/>\n<meta name=\"twitter:card\" content=\"summary_large_image\" \/>\n<script type=\"application\/ld+json\" class=\"yoast-schema-graph\">{\"@context\":\"https:\\\/\\\/schema.org\",\"@graph\":[{\"@type\":\"WebPage\",\"@id\":\"https:\\\/\\\/bowa-automotive.com\\\/pl\\\/produkty\\\/rozwiazania-specjalne\\\/\",\"url\":\"https:\\\/\\\/bowa-automotive.com\\\/pl\\\/produkty\\\/rozwiazania-specjalne\\\/\",\"name\":\"Rozwi\u0105zania specjalne - BOWA - Technologie\",\"isPartOf\":{\"@id\":\"https:\\\/\\\/bowa-automotive.com\\\/pl\\\/#website\"},\"primaryImageOfPage\":{\"@id\":\"https:\\\/\\\/bowa-automotive.com\\\/pl\\\/produkty\\\/rozwiazania-specjalne\\\/#primaryimage\"},\"image\":{\"@id\":\"https:\\\/\\\/bowa-automotive.com\\\/pl\\\/produkty\\\/rozwiazania-specjalne\\\/#primaryimage\"},\"thumbnailUrl\":\"https:\\\/\\\/bowa-automotive.com\\\/wp-content\\\/uploads\\\/2024\\\/10\\\/A001008isoStudio_1475x670.png\",\"datePublished\":\"2024-02-19T09:23:44+00:00\",\"dateModified\":\"2025-06-17T13:25:55+00:00\",\"breadcrumb\":{\"@id\":\"https:\\\/\\\/bowa-automotive.com\\\/pl\\\/produkty\\\/rozwiazania-specjalne\\\/#breadcrumb\"},\"inLanguage\":\"pl-PL\",\"potentialAction\":[{\"@type\":\"ReadAction\",\"target\":[\"https:\\\/\\\/bowa-automotive.com\\\/pl\\\/produkty\\\/rozwiazania-specjalne\\\/\"]}]},{\"@type\":\"ImageObject\",\"inLanguage\":\"pl-PL\",\"@id\":\"https:\\\/\\\/bowa-automotive.com\\\/pl\\\/produkty\\\/rozwiazania-specjalne\\\/#primaryimage\",\"url\":\"https:\\\/\\\/bowa-automotive.com\\\/wp-content\\\/uploads\\\/2024\\\/10\\\/A001008isoStudio_1475x670.png\",\"contentUrl\":\"https:\\\/\\\/bowa-automotive.com\\\/wp-content\\\/uploads\\\/2024\\\/10\\\/A001008isoStudio_1475x670.png\"},{\"@type\":\"BreadcrumbList\",\"@id\":\"https:\\\/\\\/bowa-automotive.com\\\/pl\\\/produkty\\\/rozwiazania-specjalne\\\/#breadcrumb\",\"itemListElement\":[{\"@type\":\"ListItem\",\"position\":1,\"name\":\"Startseite\",\"item\":\"https:\\\/\\\/bowa-automotive.com\\\/pl\\\/home\\\/\"},{\"@type\":\"ListItem\",\"position\":2,\"name\":\"Produkty\",\"item\":\"https:\\\/\\\/bowa-automotive.com\\\/pl\\\/produkty\\\/\"},{\"@type\":\"ListItem\",\"position\":3,\"name\":\"Rozwi\u0105zania specjalne\"}]},{\"@type\":\"WebSite\",\"@id\":\"https:\\\/\\\/bowa-automotive.com\\\/pl\\\/#website\",\"url\":\"https:\\\/\\\/bowa-automotive.com\\\/pl\\\/\",\"name\":\"BOWA - Technologie\",\"description\":\"\",\"publisher\":{\"@id\":\"https:\\\/\\\/bowa-automotive.com\\\/pl\\\/#organization\"},\"potentialAction\":[{\"@type\":\"SearchAction\",\"target\":{\"@type\":\"EntryPoint\",\"urlTemplate\":\"https:\\\/\\\/bowa-automotive.com\\\/pl\\\/?s={search_term_string}\"},\"query-input\":{\"@type\":\"PropertyValueSpecification\",\"valueRequired\":true,\"valueName\":\"search_term_string\"}}],\"inLanguage\":\"pl-PL\"},{\"@type\":\"Organization\",\"@id\":\"https:\\\/\\\/bowa-automotive.com\\\/pl\\\/#organization\",\"name\":\"BOWA - Technologie\",\"url\":\"https:\\\/\\\/bowa-automotive.com\\\/pl\\\/\",\"logo\":{\"@type\":\"ImageObject\",\"inLanguage\":\"pl-PL\",\"@id\":\"https:\\\/\\\/bowa-automotive.com\\\/pl\\\/#\\\/schema\\\/logo\\\/image\\\/\",\"url\":\"https:\\\/\\\/bowa-automotive.com\\\/wp-content\\\/uploads\\\/2024\\\/02\\\/BOWA_Automotive_Logo-weiss.svg\",\"contentUrl\":\"https:\\\/\\\/bowa-automotive.com\\\/wp-content\\\/uploads\\\/2024\\\/02\\\/BOWA_Automotive_Logo-weiss.svg\",\"caption\":\"BOWA - Technologie\"},\"image\":{\"@id\":\"https:\\\/\\\/bowa-automotive.com\\\/pl\\\/#\\\/schema\\\/logo\\\/image\\\/\"}}]}<\/script>\n<!-- \/ Yoast SEO plugin. -->","yoast_head_json":{"title":"Rozwi\u0105zania specjalne  - BOWA - Technologie","robots":{"index":"index","follow":"follow","max-snippet":"max-snippet:-1","max-image-preview":"max-image-preview:large","max-video-preview":"max-video-preview:-1"},"canonical":"https:\/\/bowa-automotive.com\/pl\/produkty\/rozwiazania-specjalne\/","og_locale":"pl_PL","og_type":"article","og_title":"Rozwi\u0105zania specjalne  - BOWA - Technologie","og_description":"Rozwi\u0105zania specjalne Wytrzyma\u0142e, wszechstronne, wyj\u0105tkowe Elementy elektryczne oraz obwody s\u0105 umieszczane w obudowie lub os\u0142onie metod\u0105 formowania wtryskowego. Taka os\u0142ona skutecznie chroni elektronik\u0119 przed czynnikami zewn\u0119trznymi, takimi jak wilgo\u0107, py\u0142, wibracje, czy napr\u0119\u017cenia mechaniczne, gwarantuj\u0105c wymagan\u0105 niezawodno\u015b\u0107 i trwa\u0142o\u015b\u0107 podzespo\u0142\u00f3w elektronicznych. Wtyczki ochronne Rozwi\u0105zanie modu\u0142owe Wszechstronna instalacja Uchwyt montowany do wspornika ko\u0142a Os\u0142ona elektroniki Trwa\u0142o\u015b\u0107 [&hellip;]","og_url":"https:\/\/bowa-automotive.com\/pl\/produkty\/rozwiazania-specjalne\/","og_site_name":"BOWA - Technologie","article_modified_time":"2025-06-17T13:25:55+00:00","og_image":[{"width":1475,"height":670,"url":"https:\/\/bowa-automotive.com\/wp-content\/uploads\/2024\/10\/A001008isoStudio_1475x670.png","type":"image\/png"}],"twitter_card":"summary_large_image","schema":{"@context":"https:\/\/schema.org","@graph":[{"@type":"WebPage","@id":"https:\/\/bowa-automotive.com\/pl\/produkty\/rozwiazania-specjalne\/","url":"https:\/\/bowa-automotive.com\/pl\/produkty\/rozwiazania-specjalne\/","name":"Rozwi\u0105zania specjalne - BOWA - Technologie","isPartOf":{"@id":"https:\/\/bowa-automotive.com\/pl\/#website"},"primaryImageOfPage":{"@id":"https:\/\/bowa-automotive.com\/pl\/produkty\/rozwiazania-specjalne\/#primaryimage"},"image":{"@id":"https:\/\/bowa-automotive.com\/pl\/produkty\/rozwiazania-specjalne\/#primaryimage"},"thumbnailUrl":"https:\/\/bowa-automotive.com\/wp-content\/uploads\/2024\/10\/A001008isoStudio_1475x670.png","datePublished":"2024-02-19T09:23:44+00:00","dateModified":"2025-06-17T13:25:55+00:00","breadcrumb":{"@id":"https:\/\/bowa-automotive.com\/pl\/produkty\/rozwiazania-specjalne\/#breadcrumb"},"inLanguage":"pl-PL","potentialAction":[{"@type":"ReadAction","target":["https:\/\/bowa-automotive.com\/pl\/produkty\/rozwiazania-specjalne\/"]}]},{"@type":"ImageObject","inLanguage":"pl-PL","@id":"https:\/\/bowa-automotive.com\/pl\/produkty\/rozwiazania-specjalne\/#primaryimage","url":"https:\/\/bowa-automotive.com\/wp-content\/uploads\/2024\/10\/A001008isoStudio_1475x670.png","contentUrl":"https:\/\/bowa-automotive.com\/wp-content\/uploads\/2024\/10\/A001008isoStudio_1475x670.png"},{"@type":"BreadcrumbList","@id":"https:\/\/bowa-automotive.com\/pl\/produkty\/rozwiazania-specjalne\/#breadcrumb","itemListElement":[{"@type":"ListItem","position":1,"name":"Startseite","item":"https:\/\/bowa-automotive.com\/pl\/home\/"},{"@type":"ListItem","position":2,"name":"Produkty","item":"https:\/\/bowa-automotive.com\/pl\/produkty\/"},{"@type":"ListItem","position":3,"name":"Rozwi\u0105zania specjalne"}]},{"@type":"WebSite","@id":"https:\/\/bowa-automotive.com\/pl\/#website","url":"https:\/\/bowa-automotive.com\/pl\/","name":"BOWA - Technologie","description":"","publisher":{"@id":"https:\/\/bowa-automotive.com\/pl\/#organization"},"potentialAction":[{"@type":"SearchAction","target":{"@type":"EntryPoint","urlTemplate":"https:\/\/bowa-automotive.com\/pl\/?s={search_term_string}"},"query-input":{"@type":"PropertyValueSpecification","valueRequired":true,"valueName":"search_term_string"}}],"inLanguage":"pl-PL"},{"@type":"Organization","@id":"https:\/\/bowa-automotive.com\/pl\/#organization","name":"BOWA - Technologie","url":"https:\/\/bowa-automotive.com\/pl\/","logo":{"@type":"ImageObject","inLanguage":"pl-PL","@id":"https:\/\/bowa-automotive.com\/pl\/#\/schema\/logo\/image\/","url":"https:\/\/bowa-automotive.com\/wp-content\/uploads\/2024\/02\/BOWA_Automotive_Logo-weiss.svg","contentUrl":"https:\/\/bowa-automotive.com\/wp-content\/uploads\/2024\/02\/BOWA_Automotive_Logo-weiss.svg","caption":"BOWA - Technologie"},"image":{"@id":"https:\/\/bowa-automotive.com\/pl\/#\/schema\/logo\/image\/"}}]}},"_links":{"self":[{"href":"https:\/\/bowa-automotive.com\/pl\/wp-json\/wp\/v2\/pages\/4436","targetHints":{"allow":["GET"]}}],"collection":[{"href":"https:\/\/bowa-automotive.com\/pl\/wp-json\/wp\/v2\/pages"}],"about":[{"href":"https:\/\/bowa-automotive.com\/pl\/wp-json\/wp\/v2\/types\/page"}],"author":[{"embeddable":true,"href":"https:\/\/bowa-automotive.com\/pl\/wp-json\/wp\/v2\/users\/1"}],"replies":[{"embeddable":true,"href":"https:\/\/bowa-automotive.com\/pl\/wp-json\/wp\/v2\/comments?post=4436"}],"version-history":[{"count":3,"href":"https:\/\/bowa-automotive.com\/pl\/wp-json\/wp\/v2\/pages\/4436\/revisions"}],"predecessor-version":[{"id":4735,"href":"https:\/\/bowa-automotive.com\/pl\/wp-json\/wp\/v2\/pages\/4436\/revisions\/4735"}],"up":[{"embeddable":true,"href":"https:\/\/bowa-automotive.com\/pl\/wp-json\/wp\/v2\/pages\/4434"}],"wp:attachment":[{"href":"https:\/\/bowa-automotive.com\/pl\/wp-json\/wp\/v2\/media?parent=4436"}],"curies":[{"name":"wp","href":"https:\/\/api.w.org\/{rel}","templated":true}]}}