{"id":4432,"date":"2024-02-19T10:26:51","date_gmt":"2024-02-19T09:26:51","guid":{"rendered":"https:\/\/www.bowa-automotive.com\/kontakt\/"},"modified":"2025-08-07T17:01:21","modified_gmt":"2025-08-07T15:01:21","slug":"kontakt","status":"publish","type":"page","link":"https:\/\/bowa-automotive.com\/pl\/kontakt\/","title":{"rendered":"Kontakt"},"content":{"rendered":"\t\t<div data-elementor-type=\"wp-page\" data-elementor-id=\"4432\" class=\"elementor elementor-4432 elementor-35\" data-elementor-post-type=\"page\">\n\t\t\t\t<div class=\"elementor-element elementor-element-5755d4a2 e-flex e-con-boxed e-con e-parent\" data-id=\"5755d4a2\" data-element_type=\"container\" data-e-type=\"container\" id=\"entwicklung\" data-settings=\"{&quot;background_background&quot;:&quot;classic&quot;}\">\n\t\t\t\t\t<div class=\"e-con-inner\">\n\t\t\t\t<div class=\"elementor-element elementor-element-270da640 elementor-widget elementor-widget-heading\" data-id=\"270da640\" data-element_type=\"widget\" data-e-type=\"widget\" data-widget_type=\"heading.default\">\n\t\t\t\t<div class=\"elementor-widget-container\">\n\t\t\t\t\t<h1 class=\"elementor-heading-title elementor-size-default\">Kontakt<\/h1>\t\t\t\t<\/div>\n\t\t\t\t<\/div>\n\t\t<div class=\"elementor-element elementor-element-334423f6 animated-slow e-flex e-con-boxed elementor-invisible e-con e-child\" data-id=\"334423f6\" data-element_type=\"container\" data-e-type=\"container\" data-settings=\"{&quot;animation&quot;:&quot;fadeIn&quot;}\">\n\t\t\t\t\t<div class=\"e-con-inner\">\n\t\t\t\t<div class=\"elementor-element elementor-element-3dd4f8d elementor-invisible elementor-widget elementor-widget-text-editor\" data-id=\"3dd4f8d\" data-element_type=\"widget\" data-e-type=\"widget\" data-settings=\"{&quot;_animation&quot;:&quot;slideInUp&quot;}\" data-widget_type=\"text-editor.default\">\n\t\t\t\t<div class=\"elementor-widget-container\">\n\t\t\t\t\t\t\t\t\t<p>Formularz kontaktowy <br><\/p>\t\t\t\t\t\t\t\t<\/div>\n\t\t\t\t<\/div>\n\t\t\t\t\t<\/div>\n\t\t\t\t<\/div>\n\t\t<div class=\"elementor-element elementor-element-7f583be0 e-con-full e-flex e-con e-child\" data-id=\"7f583be0\" data-element_type=\"container\" data-e-type=\"container\" data-settings=\"{&quot;background_background&quot;:&quot;classic&quot;}\">\n\t\t<div class=\"elementor-element elementor-element-7b706c64 e-con-full content_text e-flex e-con e-child\" data-id=\"7b706c64\" data-element_type=\"container\" data-e-type=\"container\">\n\t\t\t\t<div class=\"elementor-element elementor-element-8ce063c elementor-widget elementor-widget-text-editor\" data-id=\"8ce063c\" data-element_type=\"widget\" data-e-type=\"widget\" data-widget_type=\"text-editor.default\">\n\t\t\t\t<div class=\"elementor-widget-container\">\n\t\t\t\t\t\t\t\t\t<p>Je\u015bli chc\u0105 si\u0119 Pa\u0144stwo z nami szybko i \u0142atwo skontaktowa\u0107?<\/p><p>To w\u0142a\u015bciwe miejsce:<br><\/p>\t\t\t\t\t\t\t\t<\/div>\n\t\t\t\t<\/div>\n\t\t\t\t<\/div>\n\t\t\t\t<\/div>\n\t\t\t\t\t<\/div>\n\t\t\t\t<\/div>\n\t\t<div class=\"elementor-element elementor-element-ee0fe50 e-flex e-con-boxed e-con e-parent\" data-id=\"ee0fe50\" data-element_type=\"container\" data-e-type=\"container\">\n\t\t\t\t\t<div class=\"e-con-inner\">\n\t\t\t\t<div class=\"elementor-element elementor-element-a156286 elementor-widget elementor-widget-form\" data-id=\"a156286\" data-element_type=\"widget\" data-e-type=\"widget\" data-settings=\"{&quot;step_next_label&quot;:&quot;Nast\\u0119pny &lt;br&gt;&quot;,&quot;step_previous_label&quot;:&quot;Poprzedni &lt;br&gt;&quot;,&quot;step_type&quot;:&quot;number_text&quot;,&quot;step_icon_shape&quot;:&quot;circle&quot;}\" data-widget_type=\"form.default\">\n\t\t\t\t<div class=\"elementor-widget-container\">\n\t\t\t\t\t\t\t<form class=\"elementor-form\" method=\"post\" name=\"Formularz kontaktowy &lt;br&gt;\" aria-label=\"Formularz kontaktowy &lt;br&gt;\">\n\t\t\t<input type=\"hidden\" name=\"post_id\" value=\"4432\"\/>\n\t\t\t<input type=\"hidden\" name=\"form_id\" value=\"a156286\"\/>\n\t\t\t<input type=\"hidden\" name=\"referer_title\" value=\"Kontakt - BOWA - Technologie\" \/>\n\n\t\t\t\t\t\t\t<input type=\"hidden\" name=\"queried_id\" value=\"4432\"\/>\n\t\t\t\n\t\t\t<div class=\"elementor-form-fields-wrapper elementor-labels-\">\n\t\t\t\t\t\t\t\t<div class=\"elementor-field-type-text elementor-field-group elementor-column elementor-field-group-email elementor-col-100 elementor-field-required\">\n\t\t\t\t\t\t\t\t\t\t\t\t<label for=\"form-field-email\" class=\"elementor-field-label elementor-screen-only\">\n\t\t\t\t\t\t\t\tTytu\u0142 <br>\t\t\t\t\t\t\t<\/label>\n\t\t\t\t\t\t\t\t\t\t\t\t\t\t<input size=\"1\" type=\"text\" name=\"form_fields[email]\" id=\"form-field-email\" class=\"elementor-field elementor-size-lg  elementor-field-textual\" placeholder=\"Tytu\u0142*\" required=\"required\">\n\t\t\t\t\t\t\t\t\t\t\t<\/div>\n\t\t\t\t\t\t\t\t<div class=\"elementor-field-type-text elementor-field-group elementor-column elementor-field-group-field_044a6be elementor-col-50\">\n\t\t\t\t\t\t\t\t\t\t\t\t<label for=\"form-field-field_044a6be\" class=\"elementor-field-label elementor-screen-only\">\n\t\t\t\t\t\t\t\tImi\u0119\t\t\t\t\t\t\t<\/label>\n\t\t\t\t\t\t\t\t\t\t\t\t\t\t<input size=\"1\" type=\"text\" name=\"form_fields[field_044a6be]\" id=\"form-field-field_044a6be\" class=\"elementor-field elementor-size-lg  elementor-field-textual\" placeholder=\"Imi\u0119\">\n\t\t\t\t\t\t\t\t\t\t\t<\/div>\n\t\t\t\t\t\t\t\t<div class=\"elementor-field-type-text elementor-field-group elementor-column elementor-field-group-field_018ddbd elementor-col-50 elementor-field-required\">\n\t\t\t\t\t\t\t\t\t\t\t\t<label for=\"form-field-field_018ddbd\" class=\"elementor-field-label elementor-screen-only\">\n\t\t\t\t\t\t\t\tNazwisko\t\t\t\t\t\t\t<\/label>\n\t\t\t\t\t\t\t\t\t\t\t\t\t\t<input size=\"1\" type=\"text\" name=\"form_fields[field_018ddbd]\" id=\"form-field-field_018ddbd\" class=\"elementor-field elementor-size-lg  elementor-field-textual\" placeholder=\"Nazwisko\" required=\"required\">\n\t\t\t\t\t\t\t\t\t\t\t<\/div>\n\t\t\t\t\t\t\t\t<div class=\"elementor-field-type-email elementor-field-group elementor-column elementor-field-group-field_c8b7387 elementor-col-100 elementor-field-required\">\n\t\t\t\t\t\t\t\t\t\t\t\t<label for=\"form-field-field_c8b7387\" class=\"elementor-field-label elementor-screen-only\">\n\t\t\t\t\t\t\t\tE-mail\t\t\t\t\t\t\t<\/label>\n\t\t\t\t\t\t\t\t\t\t\t\t\t\t<input size=\"1\" type=\"email\" name=\"form_fields[field_c8b7387]\" id=\"form-field-field_c8b7387\" class=\"elementor-field elementor-size-lg  elementor-field-textual\" placeholder=\"E-mail*\" required=\"required\">\n\t\t\t\t\t\t\t\t\t\t\t<\/div>\n\t\t\t\t\t\t\t\t<div class=\"elementor-field-type-textarea elementor-field-group elementor-column elementor-field-group-field_2c4e6d1 elementor-col-100\">\n\t\t\t\t\t\t\t\t\t\t\t\t<label for=\"form-field-field_2c4e6d1\" class=\"elementor-field-label elementor-screen-only\">\n\t\t\t\t\t\t\t\tNotatka\t\t\t\t\t\t\t<\/label>\n\t\t\t\t\t\t<textarea class=\"elementor-field-textual elementor-field  elementor-size-lg\" name=\"form_fields[field_2c4e6d1]\" id=\"form-field-field_2c4e6d1\" rows=\"8\" placeholder=\"Notatka*\"><\/textarea>\t\t\t\t<\/div>\n\t\t\t\t\t\t\t\t<div class=\"elementor-field-group elementor-column elementor-field-type-submit elementor-col-100 e-form__buttons\">\n\t\t\t\t\t<button class=\"elementor-button elementor-size-sm\" type=\"submit\">\n\t\t\t\t\t\t<span class=\"elementor-button-content-wrapper\">\n\t\t\t\t\t\t\t\t\t\t\t\t\t\t\t\t\t\t\t\t\t\t<span class=\"elementor-button-text\">Wy\u015blij <br><\/span>\n\t\t\t\t\t\t\t\t\t\t\t\t\t<\/span>\n\t\t\t\t\t<\/button>\n\t\t\t\t<\/div>\n\t\t\t<\/div>\n\t\t<\/form>\n\t\t\t\t\t\t<\/div>\n\t\t\t\t<\/div>\n\t\t\t\t\t<\/div>\n\t\t\t\t<\/div>\n\t\t\t\t<\/div>\n\t\t","protected":false},"excerpt":{"rendered":"<p>Kontakt Formularz kontaktowy Je\u015bli chc\u0105 si\u0119 Pa\u0144stwo z nami szybko i \u0142atwo skontaktowa\u0107? To w\u0142a\u015bciwe miejsce:<\/p>\n","protected":false},"author":1,"featured_media":0,"parent":0,"menu_order":2,"comment_status":"closed","ping_status":"closed","template":"","meta":{"inline_featured_image":false,"footnotes":""},"class_list":["post-4432","page","type-page","status-publish","hentry"],"yoast_head":"<!-- This site is optimized with the Yoast SEO plugin v27.4 - https:\/\/yoast.com\/product\/yoast-seo-wordpress\/ -->\n<title>Kontakt - BOWA - Technologie<\/title>\n<meta name=\"robots\" content=\"index, follow, max-snippet:-1, max-image-preview:large, max-video-preview:-1\" \/>\n<link rel=\"canonical\" href=\"https:\/\/bowa-automotive.com\/pl\/kontakt\/\" \/>\n<meta property=\"og:locale\" content=\"pl_PL\" \/>\n<meta property=\"og:type\" content=\"article\" \/>\n<meta property=\"og:title\" content=\"Kontakt - BOWA - Technologie\" \/>\n<meta property=\"og:description\" content=\"Kontakt Formularz kontaktowy Je\u015bli chc\u0105 si\u0119 Pa\u0144stwo z nami szybko i \u0142atwo skontaktowa\u0107? To w\u0142a\u015bciwe miejsce:\" \/>\n<meta property=\"og:url\" content=\"https:\/\/bowa-automotive.com\/pl\/kontakt\/\" \/>\n<meta property=\"og:site_name\" content=\"BOWA - Technologie\" \/>\n<meta property=\"article:modified_time\" content=\"2025-08-07T15:01:21+00:00\" \/>\n<meta name=\"twitter:card\" content=\"summary_large_image\" \/>\n<script type=\"application\/ld+json\" class=\"yoast-schema-graph\">{\"@context\":\"https:\\\/\\\/schema.org\",\"@graph\":[{\"@type\":\"WebPage\",\"@id\":\"https:\\\/\\\/bowa-automotive.com\\\/pl\\\/kontakt\\\/\",\"url\":\"https:\\\/\\\/bowa-automotive.com\\\/pl\\\/kontakt\\\/\",\"name\":\"Kontakt - BOWA - Technologie\",\"isPartOf\":{\"@id\":\"https:\\\/\\\/bowa-automotive.com\\\/pl\\\/#website\"},\"datePublished\":\"2024-02-19T09:26:51+00:00\",\"dateModified\":\"2025-08-07T15:01:21+00:00\",\"breadcrumb\":{\"@id\":\"https:\\\/\\\/bowa-automotive.com\\\/pl\\\/kontakt\\\/#breadcrumb\"},\"inLanguage\":\"pl-PL\",\"potentialAction\":[{\"@type\":\"ReadAction\",\"target\":[\"https:\\\/\\\/bowa-automotive.com\\\/pl\\\/kontakt\\\/\"]}]},{\"@type\":\"BreadcrumbList\",\"@id\":\"https:\\\/\\\/bowa-automotive.com\\\/pl\\\/kontakt\\\/#breadcrumb\",\"itemListElement\":[{\"@type\":\"ListItem\",\"position\":1,\"name\":\"Startseite\",\"item\":\"https:\\\/\\\/bowa-automotive.com\\\/pl\\\/home\\\/\"},{\"@type\":\"ListItem\",\"position\":2,\"name\":\"Kontakt\"}]},{\"@type\":\"WebSite\",\"@id\":\"https:\\\/\\\/bowa-automotive.com\\\/pl\\\/#website\",\"url\":\"https:\\\/\\\/bowa-automotive.com\\\/pl\\\/\",\"name\":\"BOWA - Technologie\",\"description\":\"\",\"publisher\":{\"@id\":\"https:\\\/\\\/bowa-automotive.com\\\/pl\\\/#organization\"},\"potentialAction\":[{\"@type\":\"SearchAction\",\"target\":{\"@type\":\"EntryPoint\",\"urlTemplate\":\"https:\\\/\\\/bowa-automotive.com\\\/pl\\\/?s={search_term_string}\"},\"query-input\":{\"@type\":\"PropertyValueSpecification\",\"valueRequired\":true,\"valueName\":\"search_term_string\"}}],\"inLanguage\":\"pl-PL\"},{\"@type\":\"Organization\",\"@id\":\"https:\\\/\\\/bowa-automotive.com\\\/pl\\\/#organization\",\"name\":\"BOWA - Technologie\",\"url\":\"https:\\\/\\\/bowa-automotive.com\\\/pl\\\/\",\"logo\":{\"@type\":\"ImageObject\",\"inLanguage\":\"pl-PL\",\"@id\":\"https:\\\/\\\/bowa-automotive.com\\\/pl\\\/#\\\/schema\\\/logo\\\/image\\\/\",\"url\":\"https:\\\/\\\/bowa-automotive.com\\\/wp-content\\\/uploads\\\/2024\\\/02\\\/BOWA_Automotive_Logo-weiss.svg\",\"contentUrl\":\"https:\\\/\\\/bowa-automotive.com\\\/wp-content\\\/uploads\\\/2024\\\/02\\\/BOWA_Automotive_Logo-weiss.svg\",\"caption\":\"BOWA - Technologie\"},\"image\":{\"@id\":\"https:\\\/\\\/bowa-automotive.com\\\/pl\\\/#\\\/schema\\\/logo\\\/image\\\/\"}}]}<\/script>\n<!-- \/ Yoast SEO plugin. -->","yoast_head_json":{"title":"Kontakt - BOWA - Technologie","robots":{"index":"index","follow":"follow","max-snippet":"max-snippet:-1","max-image-preview":"max-image-preview:large","max-video-preview":"max-video-preview:-1"},"canonical":"https:\/\/bowa-automotive.com\/pl\/kontakt\/","og_locale":"pl_PL","og_type":"article","og_title":"Kontakt - BOWA - Technologie","og_description":"Kontakt Formularz kontaktowy Je\u015bli chc\u0105 si\u0119 Pa\u0144stwo z nami szybko i \u0142atwo skontaktowa\u0107? To w\u0142a\u015bciwe miejsce:","og_url":"https:\/\/bowa-automotive.com\/pl\/kontakt\/","og_site_name":"BOWA - Technologie","article_modified_time":"2025-08-07T15:01:21+00:00","twitter_card":"summary_large_image","schema":{"@context":"https:\/\/schema.org","@graph":[{"@type":"WebPage","@id":"https:\/\/bowa-automotive.com\/pl\/kontakt\/","url":"https:\/\/bowa-automotive.com\/pl\/kontakt\/","name":"Kontakt - BOWA - Technologie","isPartOf":{"@id":"https:\/\/bowa-automotive.com\/pl\/#website"},"datePublished":"2024-02-19T09:26:51+00:00","dateModified":"2025-08-07T15:01:21+00:00","breadcrumb":{"@id":"https:\/\/bowa-automotive.com\/pl\/kontakt\/#breadcrumb"},"inLanguage":"pl-PL","potentialAction":[{"@type":"ReadAction","target":["https:\/\/bowa-automotive.com\/pl\/kontakt\/"]}]},{"@type":"BreadcrumbList","@id":"https:\/\/bowa-automotive.com\/pl\/kontakt\/#breadcrumb","itemListElement":[{"@type":"ListItem","position":1,"name":"Startseite","item":"https:\/\/bowa-automotive.com\/pl\/home\/"},{"@type":"ListItem","position":2,"name":"Kontakt"}]},{"@type":"WebSite","@id":"https:\/\/bowa-automotive.com\/pl\/#website","url":"https:\/\/bowa-automotive.com\/pl\/","name":"BOWA - Technologie","description":"","publisher":{"@id":"https:\/\/bowa-automotive.com\/pl\/#organization"},"potentialAction":[{"@type":"SearchAction","target":{"@type":"EntryPoint","urlTemplate":"https:\/\/bowa-automotive.com\/pl\/?s={search_term_string}"},"query-input":{"@type":"PropertyValueSpecification","valueRequired":true,"valueName":"search_term_string"}}],"inLanguage":"pl-PL"},{"@type":"Organization","@id":"https:\/\/bowa-automotive.com\/pl\/#organization","name":"BOWA - Technologie","url":"https:\/\/bowa-automotive.com\/pl\/","logo":{"@type":"ImageObject","inLanguage":"pl-PL","@id":"https:\/\/bowa-automotive.com\/pl\/#\/schema\/logo\/image\/","url":"https:\/\/bowa-automotive.com\/wp-content\/uploads\/2024\/02\/BOWA_Automotive_Logo-weiss.svg","contentUrl":"https:\/\/bowa-automotive.com\/wp-content\/uploads\/2024\/02\/BOWA_Automotive_Logo-weiss.svg","caption":"BOWA - Technologie"},"image":{"@id":"https:\/\/bowa-automotive.com\/pl\/#\/schema\/logo\/image\/"}}]}},"_links":{"self":[{"href":"https:\/\/bowa-automotive.com\/pl\/wp-json\/wp\/v2\/pages\/4432","targetHints":{"allow":["GET"]}}],"collection":[{"href":"https:\/\/bowa-automotive.com\/pl\/wp-json\/wp\/v2\/pages"}],"about":[{"href":"https:\/\/bowa-automotive.com\/pl\/wp-json\/wp\/v2\/types\/page"}],"author":[{"embeddable":true,"href":"https:\/\/bowa-automotive.com\/pl\/wp-json\/wp\/v2\/users\/1"}],"replies":[{"embeddable":true,"href":"https:\/\/bowa-automotive.com\/pl\/wp-json\/wp\/v2\/comments?post=4432"}],"version-history":[{"count":10,"href":"https:\/\/bowa-automotive.com\/pl\/wp-json\/wp\/v2\/pages\/4432\/revisions"}],"predecessor-version":[{"id":4839,"href":"https:\/\/bowa-automotive.com\/pl\/wp-json\/wp\/v2\/pages\/4432\/revisions\/4839"}],"wp:attachment":[{"href":"https:\/\/bowa-automotive.com\/pl\/wp-json\/wp\/v2\/media?parent=4432"}],"curies":[{"name":"wp","href":"https:\/\/api.w.org\/{rel}","templated":true}]}}