{"id":4428,"date":"2024-02-19T10:26:52","date_gmt":"2024-02-19T09:26:52","guid":{"rendered":"https:\/\/www.bowa-automotive.com\/informacje-o-firmie\/"},"modified":"2025-06-17T15:30:58","modified_gmt":"2025-06-17T13:30:58","slug":"informacje-o-firmie","status":"publish","type":"page","link":"https:\/\/bowa-automotive.com\/pl\/informacje-o-firmie\/","title":{"rendered":"Informacje o firmie <br>"},"content":{"rendered":"\t\t<div data-elementor-type=\"wp-page\" data-elementor-id=\"4428\" class=\"elementor elementor-4428 elementor-41\" data-elementor-post-type=\"page\">\n\t\t\t\t<div class=\"elementor-element elementor-element-5c7a67d e-flex e-con-boxed e-con e-parent\" data-id=\"5c7a67d\" data-element_type=\"container\" data-e-type=\"container\">\n\t\t\t\t\t<div class=\"e-con-inner\">\n\t\t\t\t<div class=\"elementor-element elementor-element-d5f207c elementor-widget elementor-widget-heading\" data-id=\"d5f207c\" data-element_type=\"widget\" data-e-type=\"widget\" data-widget_type=\"heading.default\">\n\t\t\t\t<div class=\"elementor-widget-container\">\n\t\t\t\t\t<h1 class=\"elementor-heading-title elementor-size-default\">Informacje o firmie <br><\/h1>\t\t\t\t<\/div>\n\t\t\t\t<\/div>\n\t\t\t\t<div class=\"elementor-element elementor-element-81586a4 elementor-widget__width-initial elementor-widget elementor-widget-text-editor\" data-id=\"81586a4\" data-element_type=\"widget\" data-e-type=\"widget\" data-widget_type=\"text-editor.default\">\n\t\t\t\t<div class=\"elementor-widget-container\">\n\t\t\t\t\t\t\t\t\t<p>BOWA Automotive GmbH<br \/>Heinrich-Hertz-Stra\u00dfe 4-10<br \/>72810 Gomaringen | Germany<\/p>\n<p>Tel. +49 (0) 7072-6002-0<br \/>Faks +49 (0) 7072-6002-33<br \/>E-mail: info@bowa.de<br \/>Internet: <a href=\"http:\/\/www.bowa.de\/\" target=\"_blank\" rel=\"noopener\">www.bowa-automotive.de<\/a><\/p>\n<p><strong>Wsp\u00f3lnik odpowiedzialny osobi\u015bcie:<\/strong><br \/>BOWA Automotive GmbH<\/p>\n<p><strong>Cz\u0142onkowie zarz\u0105du z uprawnieniem do reprezentacji:<\/strong><br \/>Jens Kr\u00f6ber, Marcus Frenzel<\/p>\n<p><strong>S\u0105d rejestrowy:<\/strong><br \/>S\u0105d Rejonowy w Stuttgarcie<\/p>\n<p><strong>Numer rejestrowy:<\/strong><br \/>HRB 765 601<\/p>\n<p><strong>VAT UE zgodnie z<br \/>\u00a7 27 a niemieckiej ustawy o podatku VAT: <\/strong> <br \/>DE 318 918 288<\/p>\n<p><strong>Administrator tre\u015bci zgodnie z<br \/>\u00a7 10 ust. 3 MDStV [niemiecka ustawa o elektronicznych us\u0142ugach komunikacyjnych i informatycznych]:<\/strong> Marcus Frenzel (adres jak wy\u017cej)<\/p>\n<p><strong>Uwaga dotycz\u0105ca odpowiedzialno\u015bci:<\/strong><br \/>Mimo starannej kontroli merytorycznej nie ponosimy odpowiedzialno\u015bci za tre\u015bci zewn\u0119trznych odno\u015bnik\u00f3w. Za tre\u015bci na stronach powi\u0105zanych linkami odpowiadaj\u0105 wy\u0142\u0105cznie ich administratorzy. <\/p>\n\t\t\t\t\t\t\t\t<\/div>\n\t\t\t\t<\/div>\n\t\t\t\t\t<\/div>\n\t\t\t\t<\/div>\n\t\t\t\t<\/div>\n\t\t","protected":false},"excerpt":{"rendered":"<p>Informacje o firmie BOWA Automotive GmbHHeinrich-Hertz-Stra\u00dfe 4-1072810 Gomaringen | Germany Tel. +49 (0) 7072-6002-0Faks +49 (0) 7072-6002-33E-mail: info@bowa.deInternet: www.bowa-automotive.de Wsp\u00f3lnik odpowiedzialny osobi\u015bcie:BOWA Automotive GmbH Cz\u0142onkowie zarz\u0105du z uprawnieniem do reprezentacji:Jens Kr\u00f6ber, Marcus Frenzel S\u0105d rejestrowy:S\u0105d Rejonowy w Stuttgarcie Numer rejestrowy:HRB 765 601 VAT UE zgodnie z\u00a7 27 a niemieckiej ustawy o podatku VAT: DE 318 [&hellip;]<\/p>\n","protected":false},"author":1,"featured_media":0,"parent":0,"menu_order":2,"comment_status":"closed","ping_status":"closed","template":"","meta":{"inline_featured_image":false,"footnotes":""},"class_list":["post-4428","page","type-page","status-publish","hentry"],"yoast_head":"<!-- This site is optimized with the Yoast SEO plugin v27.4 - https:\/\/yoast.com\/product\/yoast-seo-wordpress\/ -->\n<title>Informacje o firmie  - BOWA - Technologie<\/title>\n<meta name=\"robots\" content=\"index, follow, max-snippet:-1, max-image-preview:large, max-video-preview:-1\" \/>\n<link rel=\"canonical\" href=\"https:\/\/bowa-automotive.com\/pl\/informacje-o-firmie\/\" \/>\n<meta property=\"og:locale\" content=\"pl_PL\" \/>\n<meta property=\"og:type\" content=\"article\" \/>\n<meta property=\"og:title\" content=\"Informacje o firmie  - BOWA - Technologie\" \/>\n<meta property=\"og:description\" content=\"Informacje o firmie BOWA Automotive GmbHHeinrich-Hertz-Stra\u00dfe 4-1072810 Gomaringen | Germany Tel. +49 (0) 7072-6002-0Faks +49 (0) 7072-6002-33E-mail: info@bowa.deInternet: www.bowa-automotive.de Wsp\u00f3lnik odpowiedzialny osobi\u015bcie:BOWA Automotive GmbH Cz\u0142onkowie zarz\u0105du z uprawnieniem do reprezentacji:Jens Kr\u00f6ber, Marcus Frenzel S\u0105d rejestrowy:S\u0105d Rejonowy w Stuttgarcie Numer rejestrowy:HRB 765 601 VAT UE zgodnie z\u00a7 27 a niemieckiej ustawy o podatku VAT: DE 318 [&hellip;]\" \/>\n<meta property=\"og:url\" content=\"https:\/\/bowa-automotive.com\/pl\/informacje-o-firmie\/\" \/>\n<meta property=\"og:site_name\" content=\"BOWA - Technologie\" \/>\n<meta property=\"article:modified_time\" content=\"2025-06-17T13:30:58+00:00\" \/>\n<meta name=\"twitter:card\" content=\"summary_large_image\" \/>\n<meta name=\"twitter:label1\" content=\"Szacowany czas czytania\" \/>\n\t<meta name=\"twitter:data1\" content=\"1 minuta\" \/>\n<script type=\"application\/ld+json\" class=\"yoast-schema-graph\">{\"@context\":\"https:\\\/\\\/schema.org\",\"@graph\":[{\"@type\":\"WebPage\",\"@id\":\"https:\\\/\\\/bowa-automotive.com\\\/pl\\\/informacje-o-firmie\\\/\",\"url\":\"https:\\\/\\\/bowa-automotive.com\\\/pl\\\/informacje-o-firmie\\\/\",\"name\":\"Informacje o firmie - BOWA - Technologie\",\"isPartOf\":{\"@id\":\"https:\\\/\\\/bowa-automotive.com\\\/pl\\\/#website\"},\"datePublished\":\"2024-02-19T09:26:52+00:00\",\"dateModified\":\"2025-06-17T13:30:58+00:00\",\"breadcrumb\":{\"@id\":\"https:\\\/\\\/bowa-automotive.com\\\/pl\\\/informacje-o-firmie\\\/#breadcrumb\"},\"inLanguage\":\"pl-PL\",\"potentialAction\":[{\"@type\":\"ReadAction\",\"target\":[\"https:\\\/\\\/bowa-automotive.com\\\/pl\\\/informacje-o-firmie\\\/\"]}]},{\"@type\":\"BreadcrumbList\",\"@id\":\"https:\\\/\\\/bowa-automotive.com\\\/pl\\\/informacje-o-firmie\\\/#breadcrumb\",\"itemListElement\":[{\"@type\":\"ListItem\",\"position\":1,\"name\":\"Startseite\",\"item\":\"https:\\\/\\\/bowa-automotive.com\\\/pl\\\/home\\\/\"},{\"@type\":\"ListItem\",\"position\":2,\"name\":\"Informacje o firmie\"}]},{\"@type\":\"WebSite\",\"@id\":\"https:\\\/\\\/bowa-automotive.com\\\/pl\\\/#website\",\"url\":\"https:\\\/\\\/bowa-automotive.com\\\/pl\\\/\",\"name\":\"BOWA - Technologie\",\"description\":\"\",\"publisher\":{\"@id\":\"https:\\\/\\\/bowa-automotive.com\\\/pl\\\/#organization\"},\"potentialAction\":[{\"@type\":\"SearchAction\",\"target\":{\"@type\":\"EntryPoint\",\"urlTemplate\":\"https:\\\/\\\/bowa-automotive.com\\\/pl\\\/?s={search_term_string}\"},\"query-input\":{\"@type\":\"PropertyValueSpecification\",\"valueRequired\":true,\"valueName\":\"search_term_string\"}}],\"inLanguage\":\"pl-PL\"},{\"@type\":\"Organization\",\"@id\":\"https:\\\/\\\/bowa-automotive.com\\\/pl\\\/#organization\",\"name\":\"BOWA - Technologie\",\"url\":\"https:\\\/\\\/bowa-automotive.com\\\/pl\\\/\",\"logo\":{\"@type\":\"ImageObject\",\"inLanguage\":\"pl-PL\",\"@id\":\"https:\\\/\\\/bowa-automotive.com\\\/pl\\\/#\\\/schema\\\/logo\\\/image\\\/\",\"url\":\"https:\\\/\\\/bowa-automotive.com\\\/wp-content\\\/uploads\\\/2024\\\/02\\\/BOWA_Automotive_Logo-weiss.svg\",\"contentUrl\":\"https:\\\/\\\/bowa-automotive.com\\\/wp-content\\\/uploads\\\/2024\\\/02\\\/BOWA_Automotive_Logo-weiss.svg\",\"caption\":\"BOWA - Technologie\"},\"image\":{\"@id\":\"https:\\\/\\\/bowa-automotive.com\\\/pl\\\/#\\\/schema\\\/logo\\\/image\\\/\"}}]}<\/script>\n<!-- \/ Yoast SEO plugin. -->","yoast_head_json":{"title":"Informacje o firmie  - BOWA - Technologie","robots":{"index":"index","follow":"follow","max-snippet":"max-snippet:-1","max-image-preview":"max-image-preview:large","max-video-preview":"max-video-preview:-1"},"canonical":"https:\/\/bowa-automotive.com\/pl\/informacje-o-firmie\/","og_locale":"pl_PL","og_type":"article","og_title":"Informacje o firmie  - BOWA - Technologie","og_description":"Informacje o firmie BOWA Automotive GmbHHeinrich-Hertz-Stra\u00dfe 4-1072810 Gomaringen | Germany Tel. +49 (0) 7072-6002-0Faks +49 (0) 7072-6002-33E-mail: info@bowa.deInternet: www.bowa-automotive.de Wsp\u00f3lnik odpowiedzialny osobi\u015bcie:BOWA Automotive GmbH Cz\u0142onkowie zarz\u0105du z uprawnieniem do reprezentacji:Jens Kr\u00f6ber, Marcus Frenzel S\u0105d rejestrowy:S\u0105d Rejonowy w Stuttgarcie Numer rejestrowy:HRB 765 601 VAT UE zgodnie z\u00a7 27 a niemieckiej ustawy o podatku VAT: DE 318 [&hellip;]","og_url":"https:\/\/bowa-automotive.com\/pl\/informacje-o-firmie\/","og_site_name":"BOWA - Technologie","article_modified_time":"2025-06-17T13:30:58+00:00","twitter_card":"summary_large_image","twitter_misc":{"Szacowany czas czytania":"1 minuta"},"schema":{"@context":"https:\/\/schema.org","@graph":[{"@type":"WebPage","@id":"https:\/\/bowa-automotive.com\/pl\/informacje-o-firmie\/","url":"https:\/\/bowa-automotive.com\/pl\/informacje-o-firmie\/","name":"Informacje o firmie - BOWA - Technologie","isPartOf":{"@id":"https:\/\/bowa-automotive.com\/pl\/#website"},"datePublished":"2024-02-19T09:26:52+00:00","dateModified":"2025-06-17T13:30:58+00:00","breadcrumb":{"@id":"https:\/\/bowa-automotive.com\/pl\/informacje-o-firmie\/#breadcrumb"},"inLanguage":"pl-PL","potentialAction":[{"@type":"ReadAction","target":["https:\/\/bowa-automotive.com\/pl\/informacje-o-firmie\/"]}]},{"@type":"BreadcrumbList","@id":"https:\/\/bowa-automotive.com\/pl\/informacje-o-firmie\/#breadcrumb","itemListElement":[{"@type":"ListItem","position":1,"name":"Startseite","item":"https:\/\/bowa-automotive.com\/pl\/home\/"},{"@type":"ListItem","position":2,"name":"Informacje o firmie"}]},{"@type":"WebSite","@id":"https:\/\/bowa-automotive.com\/pl\/#website","url":"https:\/\/bowa-automotive.com\/pl\/","name":"BOWA - Technologie","description":"","publisher":{"@id":"https:\/\/bowa-automotive.com\/pl\/#organization"},"potentialAction":[{"@type":"SearchAction","target":{"@type":"EntryPoint","urlTemplate":"https:\/\/bowa-automotive.com\/pl\/?s={search_term_string}"},"query-input":{"@type":"PropertyValueSpecification","valueRequired":true,"valueName":"search_term_string"}}],"inLanguage":"pl-PL"},{"@type":"Organization","@id":"https:\/\/bowa-automotive.com\/pl\/#organization","name":"BOWA - Technologie","url":"https:\/\/bowa-automotive.com\/pl\/","logo":{"@type":"ImageObject","inLanguage":"pl-PL","@id":"https:\/\/bowa-automotive.com\/pl\/#\/schema\/logo\/image\/","url":"https:\/\/bowa-automotive.com\/wp-content\/uploads\/2024\/02\/BOWA_Automotive_Logo-weiss.svg","contentUrl":"https:\/\/bowa-automotive.com\/wp-content\/uploads\/2024\/02\/BOWA_Automotive_Logo-weiss.svg","caption":"BOWA - Technologie"},"image":{"@id":"https:\/\/bowa-automotive.com\/pl\/#\/schema\/logo\/image\/"}}]}},"_links":{"self":[{"href":"https:\/\/bowa-automotive.com\/pl\/wp-json\/wp\/v2\/pages\/4428","targetHints":{"allow":["GET"]}}],"collection":[{"href":"https:\/\/bowa-automotive.com\/pl\/wp-json\/wp\/v2\/pages"}],"about":[{"href":"https:\/\/bowa-automotive.com\/pl\/wp-json\/wp\/v2\/types\/page"}],"author":[{"embeddable":true,"href":"https:\/\/bowa-automotive.com\/pl\/wp-json\/wp\/v2\/users\/1"}],"replies":[{"embeddable":true,"href":"https:\/\/bowa-automotive.com\/pl\/wp-json\/wp\/v2\/comments?post=4428"}],"version-history":[{"count":2,"href":"https:\/\/bowa-automotive.com\/pl\/wp-json\/wp\/v2\/pages\/4428\/revisions"}],"predecessor-version":[{"id":4739,"href":"https:\/\/bowa-automotive.com\/pl\/wp-json\/wp\/v2\/pages\/4428\/revisions\/4739"}],"wp:attachment":[{"href":"https:\/\/bowa-automotive.com\/pl\/wp-json\/wp\/v2\/media?parent=4428"}],"curies":[{"name":"wp","href":"https:\/\/api.w.org\/{rel}","templated":true}]}}